{"id":9838,"date":"2025-09-26T13:47:08","date_gmt":"2025-09-26T11:47:08","guid":{"rendered":"https:\/\/sonnenschein-uslar.de\/?post_type=product&#038;p=9838"},"modified":"2025-09-26T14:13:34","modified_gmt":"2025-09-26T12:13:34","slug":"boar-keilerskull-hoodie","status":"publish","type":"product","link":"https:\/\/sonnenschein-uslar.de\/?product=boar-keilerskull-hoodie","title":{"rendered":"Boar Keilerskull Hoodie"},"content":{"rendered":"<p>Boarhub Hoodie \u201eKeiler Skull\u201c \u2013 markanter Jagdhoodie f\u00fcr Damen &amp; Herren<\/p>\n<p>Der Boarhub Hoodie \u201eKeiler Skull\u201c vereint kraftvolles Jagdmotiv mit modernem Streetwear-Look. Wie bei allen Boarhub Designs ist auch dieser hoodieeine Hommage an die Jagd und spiegelt St\u00e4rke, Wildheit und Respekt gegen\u00fcber dem Schwarzwild wider.<\/p>\n<p>Im Mittelpunkt steht der Keilerkopf, k\u00fcnstlerisch gestaltet mit Sch\u00e4del-Elementen. Dadurch entsteht ein markantes, teils mystisches Design, das die Faszination der Jagd perfekt einf\u00e4ngt. Ob im Revier, auf Gesellschaftsjagden oder im Alltag \u2013 dieser Hoodie ist ein echter Blickfang.<\/p>\n<p>Details zum Boarhub Hoodie \u201eKeiler Skull\u201c:<\/p>\n<ul>\n<li>Hochwertiger Baumwollstoff f\u00fcr angenehmen Tragekomfort<\/li>\n<li>Gro\u00dfer R\u00fcckenprint + kleiner Brustprint links<\/li>\n<li>Erh\u00e4ltlich im Damen- und Herrenschnitt<\/li>\n<li>Verschiedene Farben zur Auswahl<\/li>\n<li>Langlebiger, detailreicher Druck in Premiumqualit\u00e4t<\/li>\n<\/ul>\n<p>Warum der \u201eKeiler Skull\u201c hoodie?<\/p>\n<p>Dieser Hoodie ist mehr als nur Jagdbekleidung \u2013 es ist ein Symbol f\u00fcr Tradition und Leidenschaft. Der Keiler-Sch\u00e4del verbindet jagdliche St\u00e4rke mit einem unverwechselbaren Lifestyle-Look und macht den hoodie zu einem Must-have f\u00fcr alle J\u00e4gerinnen, J\u00e4ger und Schwarzwild-Fans.<\/p>\n<p>abb. \u00e4hnlich, KI generiertes Bild<\/p>\n","protected":false},"excerpt":{"rendered":"<p>Boarhub Hoodie \u201eKeiler Skull\u201c \u2013 markanter Jagdhoodie f\u00fcr Damen &amp; Herren Der Boarhub Hoodie \u201eKeiler Skull\u201c vereint kraftvolles Jagdmotiv mit modernem Streetwear-Look. Wie bei allen Boarhub Designs ist auch dieser hoodieeine Hommage an die Jagd und spiegelt St\u00e4rke, Wildheit und Respekt gegen\u00fcber dem Schwarzwild wider. Im Mittelpunkt steht der Keilerkopf, k\u00fcnstlerisch gestaltet mit Sch\u00e4del-Elementen. Dadurch [&hellip;]<\/p>\n","protected":false},"featured_media":9840,"template":"","meta":[],"product_brand":[602],"product_cat":[444,84],"product_tag":[616,628,617,618,619,629,620,630,621,622,631,623,632,624],"class_list":{"0":"post-9838","1":"product","2":"type-product","3":"status-publish","4":"has-post-thumbnail","6":"product_brand-boarhub","7":"product_cat-alles","8":"product_cat-boar-hub","9":"product_tag-boarhub","10":"product_tag-boarhub-shirt-smoke-em","11":"product_tag-camouflage","12":"product_tag-hoodie","13":"product_tag-jagd","14":"product_tag-jagd-t-shirt-kaufen","15":"product_tag-jagdbekleidung","16":"product_tag-jagdbekleidung-lifestyle","17":"product_tag-jagdmode","18":"product_tag-keiler","19":"product_tag-lustiges-jagdshirt-design","20":"product_tag-schwarzwild","21":"product_tag-t-shirt-fuer-jaeger-damen-herren","22":"product_tag-wildhub","23":"product_shipping_class-standard","25":"first","26":"instock","27":"taxable","28":"shipping-taxable","29":"purchasable","30":"product-type-variable"},"_links":{"self":[{"href":"https:\/\/sonnenschein-uslar.de\/index.php?rest_route=\/wp\/v2\/product\/9838","targetHints":{"allow":["GET"]}}],"collection":[{"href":"https:\/\/sonnenschein-uslar.de\/index.php?rest_route=\/wp\/v2\/product"}],"about":[{"href":"https:\/\/sonnenschein-uslar.de\/index.php?rest_route=\/wp\/v2\/types\/product"}],"wp:featuredmedia":[{"embeddable":true,"href":"https:\/\/sonnenschein-uslar.de\/index.php?rest_route=\/wp\/v2\/media\/9840"}],"wp:attachment":[{"href":"https:\/\/sonnenschein-uslar.de\/index.php?rest_route=%2Fwp%2Fv2%2Fmedia&parent=9838"}],"wp:term":[{"taxonomy":"product_brand","embeddable":true,"href":"https:\/\/sonnenschein-uslar.de\/index.php?rest_route=%2Fwp%2Fv2%2Fproduct_brand&post=9838"},{"taxonomy":"product_cat","embeddable":true,"href":"https:\/\/sonnenschein-uslar.de\/index.php?rest_route=%2Fwp%2Fv2%2Fproduct_cat&post=9838"},{"taxonomy":"product_tag","embeddable":true,"href":"https:\/\/sonnenschein-uslar.de\/index.php?rest_route=%2Fwp%2Fv2%2Fproduct_tag&post=9838"}],"curies":[{"name":"wp","href":"https:\/\/api.w.org\/{rel}","templated":true}]}}