{"id":9598,"date":"2025-04-30T15:14:19","date_gmt":"2025-04-30T13:14:19","guid":{"rendered":"https:\/\/sonnenschein-uslar.de\/?post_type=product&#038;p=9598"},"modified":"2025-09-19T09:27:34","modified_gmt":"2025-09-19T07:27:34","slug":"lederarmband-mit-patronenspange","status":"publish","type":"product","link":"https:\/\/sonnenschein-uslar.de\/?product=lederarmband-mit-patronenspange","title":{"rendered":"Lederarmband mit Patronenspange"},"content":{"rendered":"<p><strong>Dein einzigartiges Accessoire mit individueller Patronenh\u00fclse<\/strong><\/p>\n<p>Zeige Stil und Charakter mit unserem Lederarmband, kombiniert mit einer besonderen Sterlingsilberspange und einer Patronenh\u00fclse deiner Wahl. Egal ob in klassischem Silber, warmem Goldton oder anderen Materialvarianten \u2013 dieses Armband wird nach deinen Vorstellungen gefertigt.<\/p>\n<p>Das Besondere: Du hast die M\u00f6glichkeit, uns deine eigene Patronenh\u00fclse zuzusenden. Wir integrieren sie f\u00fcr dich in das Design und schaffen so ein unverwechselbares Schmuckst\u00fcck mit pers\u00f6nlicher Geschichte.<\/p>\n<p>Das Armband bietet zwei L\u00e4ngeneinstellungen, damit es perfekt passt. Die angegebene L\u00e4nge entspricht der kleineren Einstellung. F\u00fcr den besten Tragekomfort empfehlen wir dir, deinen Handgelenkumfang zu messen und 1 cm hinzuzuf\u00fcgen.<\/p>\n<p>Entdecke hier weitere Designs wie Gravuren oder personalisierte Silhouetten, um deinem Accessoire noch mehr Individualit\u00e4t zu verleihen.<br \/>\n<a href=\"https:\/\/sonnenschein-uslar.de\/?product=lederarmband-mit-silberspange\">Lederarmband mit Silberspange<\/a><\/p>\n<p>Dieses Armband ist mehr als ein Schmuckst\u00fcck \u2013 es ist ein Ausdruck deiner Pers\u00f6nlichkeit und Einzigartigkeit!<br \/>\nBitte beachte, dass unsere Artikel individuell f\u00fcr dich gefertigt werden und bis zu 6 Wochen Lieferzeit haben.<\/p>\n","protected":false},"excerpt":{"rendered":"<p>Dein einzigartiges Accessoire mit individueller Patronenh\u00fclse Zeige Stil und Charakter mit unserem Lederarmband, kombiniert mit einer besonderen Sterlingsilberspange und einer Patronenh\u00fclse deiner Wahl. Egal ob in klassischem Silber, warmem Goldton oder anderen Materialvarianten \u2013 dieses Armband wird nach deinen Vorstellungen gefertigt. Das Besondere: Du hast die M\u00f6glichkeit, uns deine eigene Patronenh\u00fclse zuzusenden. Wir integrieren sie [&hellip;]<\/p>\n","protected":false},"featured_media":9604,"template":"","meta":[],"product_brand":[],"product_cat":[444,17,23],"product_tag":[],"class_list":{"0":"post-9598","1":"product","2":"type-product","3":"status-publish","4":"has-post-thumbnail","6":"product_cat-alles","7":"product_cat-armbaender","8":"product_cat-herrenschmuck","10":"first","11":"instock","12":"taxable","13":"shipping-taxable","14":"purchasable","15":"product-type-variable"},"_links":{"self":[{"href":"https:\/\/sonnenschein-uslar.de\/index.php?rest_route=\/wp\/v2\/product\/9598","targetHints":{"allow":["GET"]}}],"collection":[{"href":"https:\/\/sonnenschein-uslar.de\/index.php?rest_route=\/wp\/v2\/product"}],"about":[{"href":"https:\/\/sonnenschein-uslar.de\/index.php?rest_route=\/wp\/v2\/types\/product"}],"wp:featuredmedia":[{"embeddable":true,"href":"https:\/\/sonnenschein-uslar.de\/index.php?rest_route=\/wp\/v2\/media\/9604"}],"wp:attachment":[{"href":"https:\/\/sonnenschein-uslar.de\/index.php?rest_route=%2Fwp%2Fv2%2Fmedia&parent=9598"}],"wp:term":[{"taxonomy":"product_brand","embeddable":true,"href":"https:\/\/sonnenschein-uslar.de\/index.php?rest_route=%2Fwp%2Fv2%2Fproduct_brand&post=9598"},{"taxonomy":"product_cat","embeddable":true,"href":"https:\/\/sonnenschein-uslar.de\/index.php?rest_route=%2Fwp%2Fv2%2Fproduct_cat&post=9598"},{"taxonomy":"product_tag","embeddable":true,"href":"https:\/\/sonnenschein-uslar.de\/index.php?rest_route=%2Fwp%2Fv2%2Fproduct_tag&post=9598"}],"curies":[{"name":"wp","href":"https:\/\/api.w.org\/{rel}","templated":true}]}}