{"id":9591,"date":"2025-04-30T15:10:09","date_gmt":"2025-04-30T13:10:09","guid":{"rendered":"https:\/\/sonnenschein-uslar.de\/?post_type=product&#038;p=9591"},"modified":"2025-09-19T09:27:42","modified_gmt":"2025-09-19T07:27:42","slug":"lederarmband-mit-silberspange","status":"publish","type":"product","link":"https:\/\/sonnenschein-uslar.de\/?product=lederarmband-mit-silberspange","title":{"rendered":"Lederarmband mit Silberspange"},"content":{"rendered":"<p><strong>Dein pers\u00f6nliches Statement aus Leder und Silber<\/strong><\/p>\n<p>Entdecke unser stilvolles Lederarmband mit einer eleganten 925 Sterlingsilberspange, die durch eine raffinierte, ausgeschnittene oder tiefgravierte Silhouette besticht. Mit einer Vielzahl an Lederfarben und unterschiedlichen Designs hast du die M\u00f6glichkeit, deinen Look individuell zu gestalten.<\/p>\n<p>Das Armband ist in zwei L\u00e4ngeneinstellungen verf\u00fcgbar, damit es perfekt sitzt. Bitte beachte, dass die angegebene L\u00e4nge der kleineren Einstellung entspricht. F\u00fcr einen angenehmen Tragekomfort empfehlen wir dir, deinen Handgelenkumfang zu messen und 1 cm hinzuzurechnen.<\/p>\n<p>Mach das Armband noch pers\u00f6nlicher: Wunschsilhouetten fertigen wir auf Anfrage ganz nach deinen Vorstellungen an.<\/p>\n<p>F\u00fcr noch mehr exklusive Designs wie unsere Silberspange mit Patronenh\u00fclse oder individuelle Gravuren schau dir hier unsere weiteren Produkte an.<br \/>\n<a href=\"https:\/\/sonnenschein-uslar.de\/?product=lederarmband-mit-patronenspange\">Lederarmband mit Patronenspange<\/a><\/p>\n<p>G\u00f6nn dir ein Accessoire, das zeitlose Eleganz und Individualit\u00e4t vereint \u2013 perfekt f\u00fcr deinen pers\u00f6nlichen Stil!<\/p>\n<p>Bitte beachte, dass unsere Artikel individuell f\u00fcr dich gefertigt werden und bis zu 6 Wochen Lieferzeit haben.<\/p>\n","protected":false},"excerpt":{"rendered":"<p>Dein pers\u00f6nliches Statement aus Leder und Silber Entdecke unser stilvolles Lederarmband mit einer eleganten 925 Sterlingsilberspange, die durch eine raffinierte, ausgeschnittene oder tiefgravierte Silhouette besticht. Mit einer Vielzahl an Lederfarben und unterschiedlichen Designs hast du die M\u00f6glichkeit, deinen Look individuell zu gestalten. Das Armband ist in zwei L\u00e4ngeneinstellungen verf\u00fcgbar, damit es perfekt sitzt. Bitte beachte, [&hellip;]<\/p>\n","protected":false},"featured_media":9595,"template":"","meta":[],"product_brand":[],"product_cat":[444,17,23],"product_tag":[],"class_list":{"0":"post-9591","1":"product","2":"type-product","3":"status-publish","4":"has-post-thumbnail","6":"product_cat-alles","7":"product_cat-armbaender","8":"product_cat-herrenschmuck","10":"first","11":"instock","12":"taxable","13":"shipping-taxable","14":"purchasable","15":"product-type-variable"},"_links":{"self":[{"href":"https:\/\/sonnenschein-uslar.de\/index.php?rest_route=\/wp\/v2\/product\/9591","targetHints":{"allow":["GET"]}}],"collection":[{"href":"https:\/\/sonnenschein-uslar.de\/index.php?rest_route=\/wp\/v2\/product"}],"about":[{"href":"https:\/\/sonnenschein-uslar.de\/index.php?rest_route=\/wp\/v2\/types\/product"}],"wp:featuredmedia":[{"embeddable":true,"href":"https:\/\/sonnenschein-uslar.de\/index.php?rest_route=\/wp\/v2\/media\/9595"}],"wp:attachment":[{"href":"https:\/\/sonnenschein-uslar.de\/index.php?rest_route=%2Fwp%2Fv2%2Fmedia&parent=9591"}],"wp:term":[{"taxonomy":"product_brand","embeddable":true,"href":"https:\/\/sonnenschein-uslar.de\/index.php?rest_route=%2Fwp%2Fv2%2Fproduct_brand&post=9591"},{"taxonomy":"product_cat","embeddable":true,"href":"https:\/\/sonnenschein-uslar.de\/index.php?rest_route=%2Fwp%2Fv2%2Fproduct_cat&post=9591"},{"taxonomy":"product_tag","embeddable":true,"href":"https:\/\/sonnenschein-uslar.de\/index.php?rest_route=%2Fwp%2Fv2%2Fproduct_tag&post=9591"}],"curies":[{"name":"wp","href":"https:\/\/api.w.org\/{rel}","templated":true}]}}