{"id":9161,"date":"2024-10-01T12:12:21","date_gmt":"2024-10-01T10:12:21","guid":{"rendered":"https:\/\/sonnenschein-uslar.de\/?post_type=product&#038;p=9161"},"modified":"2025-12-08T11:19:56","modified_gmt":"2025-12-08T10:19:56","slug":"guertelschnalle-mit-hundesilhouette","status":"publish","type":"product","link":"https:\/\/sonnenschein-uslar.de\/?product=guertelschnalle-mit-hundesilhouette","title":{"rendered":"G\u00fcrtelschnalle mit Hundesilhouette"},"content":{"rendered":"<p><strong>G\u00fcrtelschnalle mit Hundesilhouette \u2013 Einzigartige Eleganz f\u00fcr Hundefreunde<\/strong><br \/>\nEntdecken Sie die exklusive <strong>G\u00fcrtelschnalle mit Hundesilhouette<\/strong>, ein wahres Meisterwerk aus unserer Goldschmiede. Diese einzigartige G\u00fcrtelschnalle besteht aus massivem Messing und ist mit einer detailreichen Silhouette aus 925 Sterlingsilber verziert. Jede Silhouette wird individuell angefertigt, um h\u00f6chste Qualit\u00e4t und Pr\u00e4zision zu gew\u00e4hrleisten.<\/p>\n<p>Die G\u00fcrtelschnalle hat die Ma\u00dfe von ca. 50x80mm und passt perfekt zu jedem 40mm Lederg\u00fcrtel. Durch das Tragen entwickelt der G\u00fcrtel eine unverwechselbare Patina, die ihm einen pers\u00f6nlichen und charmanten Charakter verleiht. Diese G\u00fcrtelschnalle ist nicht nur ein modisches Accessoire, sondern auch ein Ausdruck Ihrer Liebe zu Hunden und Ihrer Wertsch\u00e4tzung f\u00fcr hochwertige Handwerkskunst.<\/p>\n<p>Sollte die passende Hundesilhouette nicht dabei sein, bieten wir Ihnen die M\u00f6glichkeit, eine eigene Silhouette einzusenden. Senden Sie einfach Ihre Vorlage an info@sonnenschein-uslar.de, und wir fertigen Ihre individuelle G\u00fcrtelschnalle nach Ihren W\u00fcnschen an.<\/p>\n<p>Zus\u00e4tzlich k\u00f6nnen wir auf Anfrage auch den passenden hochwertigen Lederg\u00fcrtel f\u00fcr Sie besorgen. Senden Sie uns hierf\u00fcr bitte eine Anfrage per E-Mail an info@sonnenschein-uslar.de. Auch Sonderw\u00fcnsche wie zus\u00e4tzliche Gravuren k\u00f6nnen wir gerne ber\u00fccksichtigen, um Ihr Accessoire noch pers\u00f6nlicher zu gestalten.<\/p>\n<p>Diese G\u00fcrtelschnalle ist ein exklusives St\u00fcck, das durch seine hochwertige Verarbeitung und die Verwendung edler Materialien besticht. Sie ist das perfekte Geschenk f\u00fcr Hundefreunde oder eine stilvolle Erg\u00e4nzung Ihrer eigenen Garderobe. Lassen Sie sich von der Kombination aus massivem Messing und feinem Sterlingsilber begeistern und tragen Sie ein St\u00fcck handgefertigter Kunst bei sich.<\/p>\n<p>Bestellen Sie jetzt Ihre G\u00fcrtelschnalle mit Hundesilhouette und erleben Sie die perfekte Symbiose aus Eleganz und Individualit\u00e4t.<\/p>\n<p>Anfertigungszeit ca. 6-8 Wochen<\/p>\n","protected":false},"excerpt":{"rendered":"<p>G\u00fcrtelschnalle mit Hundesilhouette \u2013 Einzigartige Eleganz f\u00fcr Hundefreunde Entdecken Sie die exklusive G\u00fcrtelschnalle mit Hundesilhouette, ein wahres Meisterwerk aus unserer Goldschmiede. Diese einzigartige G\u00fcrtelschnalle besteht aus massivem Messing und ist mit einer detailreichen Silhouette aus 925 Sterlingsilber verziert. Jede Silhouette wird individuell angefertigt, um h\u00f6chste Qualit\u00e4t und Pr\u00e4zision zu gew\u00e4hrleisten. Die G\u00fcrtelschnalle hat die Ma\u00dfe [&hellip;]<\/p>\n","protected":false},"featured_media":9164,"template":"","meta":[],"product_brand":[],"product_cat":[444,569,445],"product_tag":[570,571,534,509,535],"class_list":{"0":"post-9161","1":"product","2":"type-product","3":"status-publish","4":"has-post-thumbnail","6":"product_cat-alles","7":"product_cat-guertel","8":"product_cat-klamotten","9":"product_tag-guertel","10":"product_tag-guertelschnalle","11":"product_tag-hunde","12":"product_tag-individuell","13":"product_tag-individuelle-gestaltung","15":"first","16":"instock","17":"taxable","18":"shipping-taxable","19":"purchasable","20":"product-type-variable"},"_links":{"self":[{"href":"https:\/\/sonnenschein-uslar.de\/index.php?rest_route=\/wp\/v2\/product\/9161","targetHints":{"allow":["GET"]}}],"collection":[{"href":"https:\/\/sonnenschein-uslar.de\/index.php?rest_route=\/wp\/v2\/product"}],"about":[{"href":"https:\/\/sonnenschein-uslar.de\/index.php?rest_route=\/wp\/v2\/types\/product"}],"wp:featuredmedia":[{"embeddable":true,"href":"https:\/\/sonnenschein-uslar.de\/index.php?rest_route=\/wp\/v2\/media\/9164"}],"wp:attachment":[{"href":"https:\/\/sonnenschein-uslar.de\/index.php?rest_route=%2Fwp%2Fv2%2Fmedia&parent=9161"}],"wp:term":[{"taxonomy":"product_brand","embeddable":true,"href":"https:\/\/sonnenschein-uslar.de\/index.php?rest_route=%2Fwp%2Fv2%2Fproduct_brand&post=9161"},{"taxonomy":"product_cat","embeddable":true,"href":"https:\/\/sonnenschein-uslar.de\/index.php?rest_route=%2Fwp%2Fv2%2Fproduct_cat&post=9161"},{"taxonomy":"product_tag","embeddable":true,"href":"https:\/\/sonnenschein-uslar.de\/index.php?rest_route=%2Fwp%2Fv2%2Fproduct_tag&post=9161"}],"curies":[{"name":"wp","href":"https:\/\/api.w.org\/{rel}","templated":true}]}}