{"id":7052,"date":"2022-05-06T12:52:17","date_gmt":"2022-05-06T10:52:17","guid":{"rendered":"https:\/\/sonnenschein-uslar.de\/?post_type=product&#038;p=7052"},"modified":"2025-01-06T10:54:23","modified_gmt":"2025-01-06T09:54:23","slug":"damenarmband-offen-mit-steinchen","status":"publish","type":"product","link":"https:\/\/sonnenschein-uslar.de\/?product=damenarmband-offen-mit-steinchen","title":{"rendered":"Armband Patronenh\u00fclse offen mit Zirkonia"},"content":{"rendered":"<p>Damenarmband Patronenh\u00fclse offen mit gefasstem Zirkonia gerne aus der eigenen H\u00fclse gefertigt. Bitte w\u00e4hlen Sie Ihre Kombination.<\/p>\n<p>Bitte bei der Bestellung unter Bemerkungen Kaliber \/ Hersteller oder \u201eeigene H\u00fclse\u201c sowie L\u00e4nge angeben.<\/p>\n<p>Bei Versand der eigenen H\u00fclse bitte einen gepolsterten Umschlag verwenden und eine Notiz mit Namen und Anschrift sowie der Artikelbeschreibung und der gew\u00fcnschten L\u00e4nge beif\u00fcgen<\/p>\n<p>Hier gibt\u00b4s die passende Kette: <strong><a href=\"https:\/\/sonnenschein-uslar.de\/produkt\/damenkette-offen-mit-steinchen\/\">Damenkette offen mit Steinchen<\/a><\/strong><\/p>\n<p><span style=\"display: inline !important; float: none; background-color: transparent; color: #444444; cursor: text; font-family: Georgia,'Bitstream Charter',serif; font-size: 16px; font-style: normal; font-variant: normal; font-weight: 400; letter-spacing: normal; line-height: 24px; orphans: 2; text-align: left; text-decoration: none; text-indent: 0px; text-transform: none; -webkit-text-stroke-width: 0px; white-space: normal; word-spacing: 0px;\"><strong><span style=\"color: #ff0000;\">Anfertigungszeit ca. 3-5 Wochen ab Auftragseingang.<\/span><\/strong><\/span><\/p>\n","protected":false},"excerpt":{"rendered":"<p>Damenarmband Patronenh\u00fclse offen mit gefasstem Zirkonia gerne aus der eigenen H\u00fclse gefertigt. Bitte w\u00e4hlen Sie Ihre Kombination. Bitte bei der Bestellung unter Bemerkungen Kaliber \/ Hersteller oder \u201eeigene H\u00fclse\u201c sowie L\u00e4nge angeben. Bei Versand der eigenen H\u00fclse bitte einen gepolsterten Umschlag verwenden und eine Notiz mit Namen und Anschrift sowie der Artikelbeschreibung und der gew\u00fcnschten [&hellip;]<\/p>\n","protected":false},"featured_media":8488,"template":"","meta":[],"product_brand":[],"product_cat":[444,17,19],"product_tag":[],"class_list":{"0":"post-7052","1":"product","2":"type-product","3":"status-publish","4":"has-post-thumbnail","6":"product_cat-alles","7":"product_cat-armbaender","8":"product_cat-patronenartikel","9":"product_shipping_class-standard","11":"first","12":"instock","13":"taxable","14":"shipping-taxable","15":"purchasable","16":"product-type-variable"},"_links":{"self":[{"href":"https:\/\/sonnenschein-uslar.de\/index.php?rest_route=\/wp\/v2\/product\/7052","targetHints":{"allow":["GET"]}}],"collection":[{"href":"https:\/\/sonnenschein-uslar.de\/index.php?rest_route=\/wp\/v2\/product"}],"about":[{"href":"https:\/\/sonnenschein-uslar.de\/index.php?rest_route=\/wp\/v2\/types\/product"}],"wp:featuredmedia":[{"embeddable":true,"href":"https:\/\/sonnenschein-uslar.de\/index.php?rest_route=\/wp\/v2\/media\/8488"}],"wp:attachment":[{"href":"https:\/\/sonnenschein-uslar.de\/index.php?rest_route=%2Fwp%2Fv2%2Fmedia&parent=7052"}],"wp:term":[{"taxonomy":"product_brand","embeddable":true,"href":"https:\/\/sonnenschein-uslar.de\/index.php?rest_route=%2Fwp%2Fv2%2Fproduct_brand&post=7052"},{"taxonomy":"product_cat","embeddable":true,"href":"https:\/\/sonnenschein-uslar.de\/index.php?rest_route=%2Fwp%2Fv2%2Fproduct_cat&post=7052"},{"taxonomy":"product_tag","embeddable":true,"href":"https:\/\/sonnenschein-uslar.de\/index.php?rest_route=%2Fwp%2Fv2%2Fproduct_tag&post=7052"}],"curies":[{"name":"wp","href":"https:\/\/api.w.org\/{rel}","templated":true}]}}