{"id":6674,"date":"2021-11-30T18:27:52","date_gmt":"2021-11-30T17:27:52","guid":{"rendered":"https:\/\/sonnenschein-uslar.de\/?post_type=product&#038;p=6674"},"modified":"2025-01-06T11:04:51","modified_gmt":"2025-01-06T10:04:51","slug":"lasergravur-auf-schmuckstueck","status":"publish","type":"product","link":"https:\/\/sonnenschein-uslar.de\/?product=lasergravur-auf-schmuckstueck","title":{"rendered":"Lasergravur auf Schmuckst\u00fcck"},"content":{"rendered":"<p>Du m\u00f6chtest eine Gravur auf einem deiner geeigneten Schmuckst\u00fccke hinzuf\u00fcgen? Dann schicke es ein an:<\/p>\n<p>Goldschmiede Sonnenschein<\/p>\n<p>c\/o Ramona Sonnenschein<\/p>\n<p>Lange Stra\u00dfe 21<\/p>\n<p>37170 Uslar.<\/p>\n<p>Bitte beachte: Unfreie P\u00e4ckchen werden nicht angenommen. Wir empfehlen einen versicherten Versand. Sollte eine Gravur NICHT m\u00f6glich sein, wird trotzdem der volle Preis berechnet &#8211; bitte pr\u00fcfen Sie vorher, ob dieses m\u00f6glich ist. Gerne schreiben Sie dazu eine Mail.<\/p>\n<p>Die Schriftarten findest du bei den Bildern. Dein Text darf bis zu 20 Zeichen lang sein. Wir gravieren dein Schmuckst\u00fcck und schicken es dir zur\u00fcck.<\/p>\n","protected":false},"excerpt":{"rendered":"<p>Du m\u00f6chtest eine Gravur auf einem deiner geeigneten Schmuckst\u00fccke hinzuf\u00fcgen? Dann schicke es ein an:<\/p>\n<p>Goldschmiede Sonnenschein<\/p>\n<p>c\/o Ramona Sonnenschein<\/p>\n<p>Lange Stra\u00dfe 21<\/p>\n<p>37170 Uslar.<\/p>\n<p>Bitte beachte: Unfreie P\u00e4ckchen werden nicht angenommen. Wir empfehlen einen versicherten Versand. Sollte eine Gravur NICHT m\u00f6glich sein, wird trotzdem der volle Preis berechnet &#8211; bitte pr\u00fcfen Sie vorher, ob dieses m\u00f6glich ist. Gerne schreiben Sie dazu eine Mail.<\/p>\n<p>Die Schriftarten findest du bei den Bildern. Dein Text darf bis zu 20 Zeichen lang sein. Wir gravieren dein Schmuckst\u00fcck und schicken es dir zur\u00fcck.<\/p>\n","protected":false},"featured_media":8656,"template":"","meta":[],"product_brand":[],"product_cat":[444,510],"product_tag":[508],"class_list":{"0":"post-6674","1":"product","2":"type-product","3":"status-publish","4":"has-post-thumbnail","6":"product_cat-alles","7":"product_cat-gravur","8":"product_tag-gravur","9":"product_shipping_class-standard","11":"first","12":"instock","13":"taxable","14":"shipping-taxable","15":"purchasable","16":"product-type-variable"},"_links":{"self":[{"href":"https:\/\/sonnenschein-uslar.de\/index.php?rest_route=\/wp\/v2\/product\/6674","targetHints":{"allow":["GET"]}}],"collection":[{"href":"https:\/\/sonnenschein-uslar.de\/index.php?rest_route=\/wp\/v2\/product"}],"about":[{"href":"https:\/\/sonnenschein-uslar.de\/index.php?rest_route=\/wp\/v2\/types\/product"}],"wp:featuredmedia":[{"embeddable":true,"href":"https:\/\/sonnenschein-uslar.de\/index.php?rest_route=\/wp\/v2\/media\/8656"}],"wp:attachment":[{"href":"https:\/\/sonnenschein-uslar.de\/index.php?rest_route=%2Fwp%2Fv2%2Fmedia&parent=6674"}],"wp:term":[{"taxonomy":"product_brand","embeddable":true,"href":"https:\/\/sonnenschein-uslar.de\/index.php?rest_route=%2Fwp%2Fv2%2Fproduct_brand&post=6674"},{"taxonomy":"product_cat","embeddable":true,"href":"https:\/\/sonnenschein-uslar.de\/index.php?rest_route=%2Fwp%2Fv2%2Fproduct_cat&post=6674"},{"taxonomy":"product_tag","embeddable":true,"href":"https:\/\/sonnenschein-uslar.de\/index.php?rest_route=%2Fwp%2Fv2%2Fproduct_tag&post=6674"}],"curies":[{"name":"wp","href":"https:\/\/api.w.org\/{rel}","templated":true}]}}