{"id":6614,"date":"2023-05-02T14:48:56","date_gmt":"2023-05-02T12:48:56","guid":{"rendered":"https:\/\/sonnenschein-uslar.de\/?post_type=product&#038;p=6614"},"modified":"2025-03-31T08:00:21","modified_gmt":"2025-03-31T06:00:21","slug":"kettenanhaenger-patronenhuelse","status":"publish","type":"product","link":"https:\/\/sonnenschein-uslar.de\/?product=kettenanhaenger-patronenhuelse","title":{"rendered":"Kettenanh\u00e4nger Patronenh\u00fclse"},"content":{"rendered":"<blockquote><p>Kettenanh\u00e4nger Patronenh\u00fclse ab 55,00\u20ac gerne aus der eigenen H\u00fclse gefertigt. Bitte w\u00e4hlen Sie Ihre Kombination. Der Artikel enth\u00e4lt keine Kette.<\/p>\n<p>Bitte bei der Bestellung unter Bemerkungen Kaliber \/ Hersteller oder \u201eeigene H\u00fclse\u201c angeben. Die passende Kette gibt es hier: <a href=\"https:\/\/sonnenschein-uslar.de\/produkt\/silberkette\/\">https:\/\/sonnenschein-uslar.de\/produkt\/silberkette\/<\/a><\/p>\n<p>Bei Versand der eigenen H\u00fclse bitte einen gepolsterten Umschlag verwenden und eine Notiz mit Namen und Anschrift sowie der Artikelbeschreibung beif\u00fcgen<\/p><\/blockquote>\n","protected":false},"excerpt":{"rendered":"<p>Kettenanh\u00e4nger Patronenh\u00fclse ab 55,00\u20ac gerne aus der eigenen H\u00fclse gefertigt. Bitte w\u00e4hlen Sie Ihre Kombination. Der Artikel enth\u00e4lt keine Kette. Bitte bei der Bestellung unter Bemerkungen Kaliber \/ Hersteller oder \u201eeigene H\u00fclse\u201c angeben. Die passende Kette gibt es hier: https:\/\/sonnenschein-uslar.de\/produkt\/silberkette\/ Bei Versand der eigenen H\u00fclse bitte einen gepolsterten Umschlag verwenden und eine Notiz mit Namen [&hellip;]<\/p>\n","protected":false},"featured_media":8428,"template":"","meta":[],"product_brand":[],"product_cat":[444,20,19],"product_tag":[],"class_list":{"0":"post-6614","1":"product","2":"type-product","3":"status-publish","4":"has-post-thumbnail","6":"product_cat-alles","7":"product_cat-ketten","8":"product_cat-patronenartikel","10":"first","11":"instock","12":"taxable","13":"shipping-taxable","14":"purchasable","15":"product-type-variable"},"_links":{"self":[{"href":"https:\/\/sonnenschein-uslar.de\/index.php?rest_route=\/wp\/v2\/product\/6614","targetHints":{"allow":["GET"]}}],"collection":[{"href":"https:\/\/sonnenschein-uslar.de\/index.php?rest_route=\/wp\/v2\/product"}],"about":[{"href":"https:\/\/sonnenschein-uslar.de\/index.php?rest_route=\/wp\/v2\/types\/product"}],"wp:featuredmedia":[{"embeddable":true,"href":"https:\/\/sonnenschein-uslar.de\/index.php?rest_route=\/wp\/v2\/media\/8428"}],"wp:attachment":[{"href":"https:\/\/sonnenschein-uslar.de\/index.php?rest_route=%2Fwp%2Fv2%2Fmedia&parent=6614"}],"wp:term":[{"taxonomy":"product_brand","embeddable":true,"href":"https:\/\/sonnenschein-uslar.de\/index.php?rest_route=%2Fwp%2Fv2%2Fproduct_brand&post=6614"},{"taxonomy":"product_cat","embeddable":true,"href":"https:\/\/sonnenschein-uslar.de\/index.php?rest_route=%2Fwp%2Fv2%2Fproduct_cat&post=6614"},{"taxonomy":"product_tag","embeddable":true,"href":"https:\/\/sonnenschein-uslar.de\/index.php?rest_route=%2Fwp%2Fv2%2Fproduct_tag&post=6614"}],"curies":[{"name":"wp","href":"https:\/\/api.w.org\/{rel}","templated":true}]}}