{"id":6230,"date":"2021-06-08T07:05:37","date_gmt":"2021-06-08T05:05:37","guid":{"rendered":"https:\/\/sonnenschein-uslar.de\/?post_type=product&#038;p=6230"},"modified":"2026-03-17T11:16:02","modified_gmt":"2026-03-17T10:16:02","slug":"ring-solid-casing","status":"publish","type":"product","link":"https:\/\/sonnenschein-uslar.de\/?product=ring-solid-casing","title":{"rendered":"Ring &#8222;Solid casing&#8220;"},"content":{"rendered":"<p>Patronenring \u201eSolid casing\u201c ab 330\u20ac. Bitte w\u00e4hlen Sie Ihre Kombination.<\/p>\n<p>Bitte bei der Bestellung unter Bemerkungen Kaliber\/Hersteller oder \u201eeigene H\u00fclse\u201c sowie Wunschgravur angeben.<\/p>\n<p>Bei Versand der eigenen H\u00fclse bitte einen gepolsterten Umschlag verwenden und eine Notiz mit Namen und Anschrift sowie der Artikelbeschreibung beif\u00fcgen.<\/p>\n<p>Ben\u00f6tigen Sie Hilfe bei den Ringgr\u00f6\u00dfen? Kein Problem auf Wunsch schicken wir Ihnen gerne ein Ringma\u00df zu oder nehmen die Ma\u00dfe von vorhandenen Ringen ab.<\/p>\n<p><span style=\"display: inline !important; float: none; background-color: transparent; color: #444444; cursor: text; font-family: Georgia,'Bitstream Charter',serif; font-size: 16px; font-style: normal; font-variant: normal; font-weight: 400; letter-spacing: normal; line-height: 24px; orphans: 2; text-align: left; text-decoration: none; text-indent: 0px; text-transform: none; -webkit-text-stroke-width: 0px; white-space: normal; word-spacing: 0px;\"><strong><span style=\"color: #ff0000;\">Anfertigungszeit ca. 3-5 Wochen ab Auftragseingang<\/span>&nbsp;<\/strong><\/span><\/p>\n<p>M\u00fcndungsbremse \u201eHexabrake\u201c von Waffen Beyer<\/p>\n","protected":false},"excerpt":{"rendered":"<p>Patronenring \u201eSolid casing\u201c ab 330\u20ac. Bitte w\u00e4hlen Sie Ihre Kombination. Bitte bei der Bestellung unter Bemerkungen Kaliber\/Hersteller oder \u201eeigene H\u00fclse\u201c sowie Wunschgravur angeben. Bei Versand der eigenen H\u00fclse bitte einen gepolsterten Umschlag verwenden und eine Notiz mit Namen und Anschrift sowie der Artikelbeschreibung beif\u00fcgen. Ben\u00f6tigen Sie Hilfe bei den Ringgr\u00f6\u00dfen? Kein Problem auf Wunsch schicken [&hellip;]<\/p>\n","protected":false},"featured_media":6301,"template":"","meta":[],"product_brand":[],"product_cat":[19,18],"product_tag":[],"class_list":{"0":"post-6230","1":"product","2":"type-product","3":"status-publish","4":"has-post-thumbnail","6":"product_cat-patronenartikel","7":"product_cat-ringe","9":"first","10":"instock","11":"taxable","12":"shipping-taxable","13":"purchasable","14":"product-type-variable"},"_links":{"self":[{"href":"https:\/\/sonnenschein-uslar.de\/index.php?rest_route=\/wp\/v2\/product\/6230","targetHints":{"allow":["GET"]}}],"collection":[{"href":"https:\/\/sonnenschein-uslar.de\/index.php?rest_route=\/wp\/v2\/product"}],"about":[{"href":"https:\/\/sonnenschein-uslar.de\/index.php?rest_route=\/wp\/v2\/types\/product"}],"wp:featuredmedia":[{"embeddable":true,"href":"https:\/\/sonnenschein-uslar.de\/index.php?rest_route=\/wp\/v2\/media\/6301"}],"wp:attachment":[{"href":"https:\/\/sonnenschein-uslar.de\/index.php?rest_route=%2Fwp%2Fv2%2Fmedia&parent=6230"}],"wp:term":[{"taxonomy":"product_brand","embeddable":true,"href":"https:\/\/sonnenschein-uslar.de\/index.php?rest_route=%2Fwp%2Fv2%2Fproduct_brand&post=6230"},{"taxonomy":"product_cat","embeddable":true,"href":"https:\/\/sonnenschein-uslar.de\/index.php?rest_route=%2Fwp%2Fv2%2Fproduct_cat&post=6230"},{"taxonomy":"product_tag","embeddable":true,"href":"https:\/\/sonnenschein-uslar.de\/index.php?rest_route=%2Fwp%2Fv2%2Fproduct_tag&post=6230"}],"curies":[{"name":"wp","href":"https:\/\/api.w.org\/{rel}","templated":true}]}}