{"id":6210,"date":"2021-05-24T11:43:24","date_gmt":"2021-05-24T09:43:24","guid":{"rendered":"https:\/\/sonnenschein-uslar.de\/?post_type=product&#038;p=6210"},"modified":"2025-02-04T18:10:23","modified_gmt":"2025-02-04T17:10:23","slug":"trittsiegel-boarhunter-kettenanhaenger","status":"publish","type":"product","link":"https:\/\/sonnenschein-uslar.de\/?product=trittsiegel-boarhunter-kettenanhaenger","title":{"rendered":"Trittsiegel Boarhunter Kettenanh\u00e4nger"},"content":{"rendered":"<p>Trittsiegel Boarhunter Kettenanh\u00e4nger massivsilberner Kettenanh\u00e4nger 22mm optional mit Panzerkette.<\/p>\n<p>Anfertigungszeit ca. 2 Wochen<\/p>\n","protected":false},"excerpt":{"rendered":"<p>Trittsiegel Boarhunter Kettenanh\u00e4nger<\/p>\n","protected":false},"featured_media":6217,"template":"","meta":[],"product_brand":[602],"product_cat":[444,84,20],"product_tag":[],"class_list":{"0":"post-6210","1":"product","2":"type-product","3":"status-publish","4":"has-post-thumbnail","6":"product_brand-boarhub","7":"product_cat-alles","8":"product_cat-boar-hub","9":"product_cat-ketten","10":"product_shipping_class-standard","12":"first","13":"instock","14":"taxable","15":"shipping-taxable","16":"purchasable","17":"product-type-variable"},"_links":{"self":[{"href":"https:\/\/sonnenschein-uslar.de\/index.php?rest_route=\/wp\/v2\/product\/6210","targetHints":{"allow":["GET"]}}],"collection":[{"href":"https:\/\/sonnenschein-uslar.de\/index.php?rest_route=\/wp\/v2\/product"}],"about":[{"href":"https:\/\/sonnenschein-uslar.de\/index.php?rest_route=\/wp\/v2\/types\/product"}],"wp:featuredmedia":[{"embeddable":true,"href":"https:\/\/sonnenschein-uslar.de\/index.php?rest_route=\/wp\/v2\/media\/6217"}],"wp:attachment":[{"href":"https:\/\/sonnenschein-uslar.de\/index.php?rest_route=%2Fwp%2Fv2%2Fmedia&parent=6210"}],"wp:term":[{"taxonomy":"product_brand","embeddable":true,"href":"https:\/\/sonnenschein-uslar.de\/index.php?rest_route=%2Fwp%2Fv2%2Fproduct_brand&post=6210"},{"taxonomy":"product_cat","embeddable":true,"href":"https:\/\/sonnenschein-uslar.de\/index.php?rest_route=%2Fwp%2Fv2%2Fproduct_cat&post=6210"},{"taxonomy":"product_tag","embeddable":true,"href":"https:\/\/sonnenschein-uslar.de\/index.php?rest_route=%2Fwp%2Fv2%2Fproduct_tag&post=6210"}],"curies":[{"name":"wp","href":"https:\/\/api.w.org\/{rel}","templated":true}]}}