{"id":5978,"date":"2021-02-19T17:17:27","date_gmt":"2021-02-19T16:17:27","guid":{"rendered":"https:\/\/sonnenschein-uslar.de\/?post_type=product&#038;p=5978"},"modified":"2025-01-06T11:15:39","modified_gmt":"2025-01-06T10:15:39","slug":"mora-messer-oliv-individuell-graviert","status":"publish","type":"product","link":"https:\/\/sonnenschein-uslar.de\/?product=mora-messer-oliv-individuell-graviert","title":{"rendered":"Mora Messer Oliv individuell graviert"},"content":{"rendered":"<p>Die bekannten, schwedischen Messer mit individueller Gravur nach Wahl (Texte und Silhouetten m\u00f6glich). Bitte die Gravuren im Kommentar (Bestellnotiz) am Ende der Bestellung vermerken.<\/p>\n<p>F\u00fcr Gesch\u00e4ftskunden, Vereine und Gro\u00dfkunden bitte eine E-Mail an: info@sonnenschein-uslar.de f\u00fcr ein individuelles Angebot.<\/p>\n<p>&nbsp;<\/p>\n<p>The well known Swedish knives with individual engraving.<\/p>\n<p>Please put the comment at the end of the order (notice).<\/p>\n<p>For Business orders or wholesale please contact us at info@sonnenschein-uslar.de<\/p>\n","protected":false},"excerpt":{"rendered":"<p>Die bekannten, schwedischen Messer mit individueller Gravur nach Wahl.<\/p>\n<p>F\u00fcr Gesch\u00e4ftskunden, Vereine und Gro\u00dfkunden bitte eine E-Mail an: info@sonnenschein-uslar.de f\u00fcr ein individuelles Angebot.<\/p>\n","protected":false},"featured_media":5982,"template":"","meta":[],"product_brand":[],"product_cat":[444,510,72],"product_tag":[508],"class_list":{"0":"post-5978","1":"product","2":"type-product","3":"status-publish","4":"has-post-thumbnail","6":"product_cat-alles","7":"product_cat-gravur","8":"product_cat-messer","9":"product_tag-gravur","11":"first","12":"onbackorder","13":"taxable","14":"shipping-taxable","15":"purchasable","16":"product-type-variable"},"_links":{"self":[{"href":"https:\/\/sonnenschein-uslar.de\/index.php?rest_route=\/wp\/v2\/product\/5978","targetHints":{"allow":["GET"]}}],"collection":[{"href":"https:\/\/sonnenschein-uslar.de\/index.php?rest_route=\/wp\/v2\/product"}],"about":[{"href":"https:\/\/sonnenschein-uslar.de\/index.php?rest_route=\/wp\/v2\/types\/product"}],"wp:featuredmedia":[{"embeddable":true,"href":"https:\/\/sonnenschein-uslar.de\/index.php?rest_route=\/wp\/v2\/media\/5982"}],"wp:attachment":[{"href":"https:\/\/sonnenschein-uslar.de\/index.php?rest_route=%2Fwp%2Fv2%2Fmedia&parent=5978"}],"wp:term":[{"taxonomy":"product_brand","embeddable":true,"href":"https:\/\/sonnenschein-uslar.de\/index.php?rest_route=%2Fwp%2Fv2%2Fproduct_brand&post=5978"},{"taxonomy":"product_cat","embeddable":true,"href":"https:\/\/sonnenschein-uslar.de\/index.php?rest_route=%2Fwp%2Fv2%2Fproduct_cat&post=5978"},{"taxonomy":"product_tag","embeddable":true,"href":"https:\/\/sonnenschein-uslar.de\/index.php?rest_route=%2Fwp%2Fv2%2Fproduct_tag&post=5978"}],"curies":[{"name":"wp","href":"https:\/\/api.w.org\/{rel}","templated":true}]}}