{"id":5754,"date":"2020-11-30T18:29:57","date_gmt":"2020-11-30T17:29:57","guid":{"rendered":"https:\/\/sonnenschein-uslar.de\/?post_type=product&#038;p=5754"},"modified":"2025-02-04T18:09:13","modified_gmt":"2025-02-04T17:09:13","slug":"boarhub-beenie","status":"publish","type":"product","link":"https:\/\/sonnenschein-uslar.de\/?product=boarhub-beenie","title":{"rendered":"Boarhub beenie"},"content":{"rendered":"<p>Schwarzes Beenie mit Boarhub Stick<\/p>\n<p>Mit dieser M\u00fctze wirst du auf der Jagd garantiert nicht frieren und auch in Alltag setzt du damit einen dezenten Akzent und bekennst dich zu deiner Leidenschaft f\u00fcr die Wildschweinjagd.<\/p>\n<p>100% Polyacryl, Einheitsgr\u00f6\u00dfe<\/p>\n<p>du willst noch mehr Boarhub? Dann schau in unserem Shop vorbei:\u00a0<a href=\"https:\/\/boarhub.de\/shop\/\">https:\/\/boarhub.de\/shop\/<\/a><\/p>\n","protected":false},"excerpt":{"rendered":"<p>Schwarzes Beenie mit Boarhub Stick Mit dieser M\u00fctze wirst du auf der Jagd garantiert nicht frieren und auch in Alltag setzt du damit einen dezenten Akzent und bekennst dich zu deiner Leidenschaft f\u00fcr die Wildschweinjagd. 100% Polyacryl, Einheitsgr\u00f6\u00dfe du willst noch mehr Boarhub? Dann schau in unserem Shop vorbei:\u00a0https:\/\/boarhub.de\/shop\/<\/p>\n","protected":false},"featured_media":5758,"template":"","meta":[],"product_brand":[602],"product_cat":[444,84,445],"product_tag":[],"class_list":{"0":"post-5754","1":"product","2":"type-product","3":"status-publish","4":"has-post-thumbnail","6":"product_brand-boarhub","7":"product_cat-alles","8":"product_cat-boar-hub","9":"product_cat-klamotten","10":"product_shipping_class-standard","12":"first","13":"instock","14":"sale","15":"taxable","16":"shipping-taxable","17":"purchasable","18":"product-type-simple"},"_links":{"self":[{"href":"https:\/\/sonnenschein-uslar.de\/index.php?rest_route=\/wp\/v2\/product\/5754","targetHints":{"allow":["GET"]}}],"collection":[{"href":"https:\/\/sonnenschein-uslar.de\/index.php?rest_route=\/wp\/v2\/product"}],"about":[{"href":"https:\/\/sonnenschein-uslar.de\/index.php?rest_route=\/wp\/v2\/types\/product"}],"wp:featuredmedia":[{"embeddable":true,"href":"https:\/\/sonnenschein-uslar.de\/index.php?rest_route=\/wp\/v2\/media\/5758"}],"wp:attachment":[{"href":"https:\/\/sonnenschein-uslar.de\/index.php?rest_route=%2Fwp%2Fv2%2Fmedia&parent=5754"}],"wp:term":[{"taxonomy":"product_brand","embeddable":true,"href":"https:\/\/sonnenschein-uslar.de\/index.php?rest_route=%2Fwp%2Fv2%2Fproduct_brand&post=5754"},{"taxonomy":"product_cat","embeddable":true,"href":"https:\/\/sonnenschein-uslar.de\/index.php?rest_route=%2Fwp%2Fv2%2Fproduct_cat&post=5754"},{"taxonomy":"product_tag","embeddable":true,"href":"https:\/\/sonnenschein-uslar.de\/index.php?rest_route=%2Fwp%2Fv2%2Fproduct_tag&post=5754"}],"curies":[{"name":"wp","href":"https:\/\/api.w.org\/{rel}","templated":true}]}}