{"id":5094,"date":"2020-09-16T07:16:25","date_gmt":"2020-09-16T05:16:25","guid":{"rendered":"https:\/\/sonnenschein-uslar.de\/?post_type=product&#038;p=5094"},"modified":"2025-02-04T18:09:24","modified_gmt":"2025-02-04T17:09:24","slug":"boar-hub-attractant-boar-de-cologne-no-5-300ml","status":"publish","type":"product","link":"https:\/\/sonnenschein-uslar.de\/?product=boar-hub-attractant-boar-de-cologne-no-5-300ml","title":{"rendered":"Boar Hub Lockmittel Boar de Cologne No. 5 0.3kg"},"content":{"rendered":"<p>Boar Hub Boar de Cologne No. 5 0,3kg<\/p>\n<p>Das ultimative Wildlockmittel mit nat\u00fcrlichen Zutaten perfekt f\u00fcr die Kirrung und den Mahlbaum.<\/p>\n<p>Die ergonomisch geformte Flasche erm\u00f6glicht es das auf Buchenholzteer basierende Lockmittel perfekt an Mahlb\u00e4ume, Kirrungen, Salzlecken oder Wild\u00e4ckern auszubringen. Die 0,3kg reichen f\u00fcr 15-20 Mahlb\u00e4ume.<\/p>\n<p>Aufgrund der hohen Ergiebigkeit und der Langzeitwirkung wird nur wenig Lockmittel ben\u00f6tigt.<\/p>\n<p>Boarhub als ideales Lockmittel f\u00fcr Wild ist nicht nur ein perfektes Wildschweinlockmittel sondern lockt auch Zuverl\u00e4ssig Raubwild an die Kirrung. Anders als bei einigen auf reinem Buchenholzteer basierenden Lockmitteln wird durch Boarhub kein Reh- und Rotwild vergr\u00e4mt.<\/p>\n<p>Bitte pr\u00fcfen Sie die gesetzlichen Bestimmungen bevor Sie unser Produkt anwenden und fordern Sie bei Bedarf das Sicherheitsdatenblatt an.<\/p>\n","protected":false},"excerpt":{"rendered":"<p>Boar Hub Boar de Cologne No. 5 0,3kg Das ultimative Wildlockmittel mit nat\u00fcrlichen Zutaten perfekt f\u00fcr die Kirrung und den Mahlbaum. Die ergonomisch geformte Flasche erm\u00f6glicht es das auf Buchenholzteer basierende Lockmittel perfekt an Mahlb\u00e4ume, Kirrungen, Salzlecken oder Wild\u00e4ckern auszubringen. Die 0,3kg reichen f\u00fcr 15-20 Mahlb\u00e4ume. Aufgrund der hohen Ergiebigkeit und der Langzeitwirkung wird nur [&hellip;]<\/p>\n","protected":false},"featured_media":4748,"template":"","meta":[],"product_brand":[602],"product_cat":[84,598],"product_tag":[479,477,478],"class_list":{"0":"post-5094","1":"product","2":"type-product","3":"status-publish","4":"has-post-thumbnail","6":"product_brand-boarhub","7":"product_cat-boar-hub","8":"product_cat-lockmittel","9":"product_tag-attractant","10":"product_tag-lockmittel","11":"product_tag-wildschweinlockmittel","12":"product_shipping_class-standard","14":"first","15":"instock","16":"sale","17":"taxable","18":"shipping-taxable","19":"purchasable","20":"product-type-simple"},"_links":{"self":[{"href":"https:\/\/sonnenschein-uslar.de\/index.php?rest_route=\/wp\/v2\/product\/5094","targetHints":{"allow":["GET"]}}],"collection":[{"href":"https:\/\/sonnenschein-uslar.de\/index.php?rest_route=\/wp\/v2\/product"}],"about":[{"href":"https:\/\/sonnenschein-uslar.de\/index.php?rest_route=\/wp\/v2\/types\/product"}],"wp:featuredmedia":[{"embeddable":true,"href":"https:\/\/sonnenschein-uslar.de\/index.php?rest_route=\/wp\/v2\/media\/4748"}],"wp:attachment":[{"href":"https:\/\/sonnenschein-uslar.de\/index.php?rest_route=%2Fwp%2Fv2%2Fmedia&parent=5094"}],"wp:term":[{"taxonomy":"product_brand","embeddable":true,"href":"https:\/\/sonnenschein-uslar.de\/index.php?rest_route=%2Fwp%2Fv2%2Fproduct_brand&post=5094"},{"taxonomy":"product_cat","embeddable":true,"href":"https:\/\/sonnenschein-uslar.de\/index.php?rest_route=%2Fwp%2Fv2%2Fproduct_cat&post=5094"},{"taxonomy":"product_tag","embeddable":true,"href":"https:\/\/sonnenschein-uslar.de\/index.php?rest_route=%2Fwp%2Fv2%2Fproduct_tag&post=5094"}],"curies":[{"name":"wp","href":"https:\/\/api.w.org\/{rel}","templated":true}]}}