{"id":3698,"date":"2019-12-21T06:34:45","date_gmt":"2019-12-21T05:34:45","guid":{"rendered":"https:\/\/sonnenschein-uslar.de\/?post_type=product&#038;p=3698"},"modified":"2025-10-28T18:30:58","modified_gmt":"2025-10-28T17:30:58","slug":"wildtiersilhouette-stoffarmbaendchen-rund-14mm","status":"publish","type":"product","link":"https:\/\/sonnenschein-uslar.de\/?product=wildtiersilhouette-stoffarmbaendchen-rund-14mm","title":{"rendered":"Stoffarmb\u00e4ndchen Rund Tiermotive 14mm"},"content":{"rendered":"<p>Silhouettenarmb\u00e4ndchen gefertigt in .925 Sterlingsilber oder 333 Gelbgold mit verschiedenen Motiven aus rundem Medaillon ausgeschnitten, ca. 14mm<\/p>\n<p>Das Stoffb\u00e4ndchen ist eine Universalgr\u00f6\u00dfe.<\/p>\n<p>Weitere Motive und Materialien fertigen wir gerne auf Wunsch. Bitte sprechen Sie uns an.<\/p>\n","protected":false},"excerpt":{"rendered":"<p>Silhouettenarmb\u00e4ndchen gefertigt in .925 Sterlingsilber oder 333 Gelbgold mit verschiedenen Motiven aus rundem Medaillon ausgeschnitten, ca. 14mm Das Stoffb\u00e4ndchen ist eine Universalgr\u00f6\u00dfe. Weitere Motive und Materialien fertigen wir gerne auf Wunsch. Bitte sprechen Sie uns an.<\/p>\n","protected":false},"featured_media":2645,"template":"","meta":[],"product_brand":[],"product_cat":[444,17],"product_tag":[],"class_list":{"0":"post-3698","1":"product","2":"type-product","3":"status-publish","4":"has-post-thumbnail","6":"product_cat-alles","7":"product_cat-armbaender","9":"first","10":"instock","11":"taxable","12":"shipping-taxable","13":"purchasable","14":"product-type-variable"},"_links":{"self":[{"href":"https:\/\/sonnenschein-uslar.de\/index.php?rest_route=\/wp\/v2\/product\/3698","targetHints":{"allow":["GET"]}}],"collection":[{"href":"https:\/\/sonnenschein-uslar.de\/index.php?rest_route=\/wp\/v2\/product"}],"about":[{"href":"https:\/\/sonnenschein-uslar.de\/index.php?rest_route=\/wp\/v2\/types\/product"}],"wp:featuredmedia":[{"embeddable":true,"href":"https:\/\/sonnenschein-uslar.de\/index.php?rest_route=\/wp\/v2\/media\/2645"}],"wp:attachment":[{"href":"https:\/\/sonnenschein-uslar.de\/index.php?rest_route=%2Fwp%2Fv2%2Fmedia&parent=3698"}],"wp:term":[{"taxonomy":"product_brand","embeddable":true,"href":"https:\/\/sonnenschein-uslar.de\/index.php?rest_route=%2Fwp%2Fv2%2Fproduct_brand&post=3698"},{"taxonomy":"product_cat","embeddable":true,"href":"https:\/\/sonnenschein-uslar.de\/index.php?rest_route=%2Fwp%2Fv2%2Fproduct_cat&post=3698"},{"taxonomy":"product_tag","embeddable":true,"href":"https:\/\/sonnenschein-uslar.de\/index.php?rest_route=%2Fwp%2Fv2%2Fproduct_tag&post=3698"}],"curies":[{"name":"wp","href":"https:\/\/api.w.org\/{rel}","templated":true}]}}