{"id":3589,"date":"2019-12-04T08:36:25","date_gmt":"2019-12-04T07:36:25","guid":{"rendered":"https:\/\/sonnenschein-uslar.de\/?post_type=product&#038;p=3589"},"modified":"2025-01-06T11:15:47","modified_gmt":"2025-01-06T10:15:47","slug":"mora-messer-graviert","status":"publish","type":"product","link":"https:\/\/sonnenschein-uslar.de\/?product=mora-messer-graviert","title":{"rendered":"Mora Messer orange individuell graviert"},"content":{"rendered":"<p><strong>Graviertes Mora Messer Sauscharf \u2013 Ihr pers\u00f6nlicher Begleiter<\/strong><\/p>\n<p>Entdecken Sie das pers\u00f6nlich gravierte Mora Messer, das individuell auf Ihre Bed\u00fcrfnisse zugeschnitten ist. Dieses hochwertige Messer ist nicht nur ein praktisches Werkzeug, sondern auch ein personalisiertes Geschenk, das Eindruck hinterl\u00e4sst.<\/p>\n<p><strong>Personalisierte Gravur:<\/strong> Verleihen Sie Ihrem Messer eine pers\u00f6nliche Note mit einer individuellen Gravur. Ob Name, Datum oder eine besondere Botschaft \u2013 machen Sie es einzigartig.<br \/>\n<strong>Hochwertige Materialien:<\/strong> Das Mora Messer besticht durch seine robuste Klinge und den ergonomischen Griff, der f\u00fcr eine sichere Handhabung sorgt.<br \/>\n<strong>Vielseitig einsetzbar:<\/strong> Ideal f\u00fcr Outdoor-Aktivit\u00e4ten, Camping, Angeln oder als zuverl\u00e4ssiges K\u00fcchenmesser.<br \/>\n<strong>Eigene Logos:<\/strong> Senden Sie uns Ihr eigenes Logo und wir gravieren es auf Ihr Messer, um es noch pers\u00f6nlicher zu gestalten.<\/p>\n<p><strong>Warum das gravierte Mora Messer?<\/strong><\/p>\n<p>Ein pers\u00f6nliches Geschenk, das sowohl funktional als auch \u00e4sthetisch ansprechend ist. Perfekt f\u00fcr Freunde, Familie oder als besonderes Andenken f\u00fcr sich selbst. Mit der individuellen Gravur wird jedes Messer zu einem Unikat, das Geschichten erz\u00e4hlt und Erinnerungen bewahrt.<\/p>\n<p><strong>Bestellen Sie jetzt!<\/strong><br \/>\nSichern Sie sich Ihr personalisiertes Mora Messer und erleben Sie die perfekte Kombination aus Tradition und Innovation. Ein Messer, das so einzigartig ist wie Sie selbst.<\/p>\n<p>F\u00fcr Gro\u00dfmengenanfragen senden Sie bitte eine individuelle Anfrage per E-Mail an info@sonnenschein-uslar.de.<\/p>\n","protected":false},"excerpt":{"rendered":"<p>Die bekannten, schwedischen Messer mit individueller Gravur nach Wahl.<\/p>\n<p>F\u00fcr Gesch\u00e4ftskunden, Vereine und Gro\u00dfkunden bitte eine E-Mail an: info@sonnenschein-uslar.de f\u00fcr ein individuelles Angebot.<\/p>\n","protected":false},"featured_media":3598,"template":"","meta":[],"product_brand":[],"product_cat":[444,510,72],"product_tag":[508],"class_list":{"0":"post-3589","1":"product","2":"type-product","3":"status-publish","4":"has-post-thumbnail","6":"product_cat-alles","7":"product_cat-gravur","8":"product_cat-messer","9":"product_tag-gravur","10":"product_shipping_class-standard","12":"first","13":"onbackorder","14":"taxable","15":"shipping-taxable","16":"purchasable","17":"product-type-variable"},"_links":{"self":[{"href":"https:\/\/sonnenschein-uslar.de\/index.php?rest_route=\/wp\/v2\/product\/3589","targetHints":{"allow":["GET"]}}],"collection":[{"href":"https:\/\/sonnenschein-uslar.de\/index.php?rest_route=\/wp\/v2\/product"}],"about":[{"href":"https:\/\/sonnenschein-uslar.de\/index.php?rest_route=\/wp\/v2\/types\/product"}],"wp:featuredmedia":[{"embeddable":true,"href":"https:\/\/sonnenschein-uslar.de\/index.php?rest_route=\/wp\/v2\/media\/3598"}],"wp:attachment":[{"href":"https:\/\/sonnenschein-uslar.de\/index.php?rest_route=%2Fwp%2Fv2%2Fmedia&parent=3589"}],"wp:term":[{"taxonomy":"product_brand","embeddable":true,"href":"https:\/\/sonnenschein-uslar.de\/index.php?rest_route=%2Fwp%2Fv2%2Fproduct_brand&post=3589"},{"taxonomy":"product_cat","embeddable":true,"href":"https:\/\/sonnenschein-uslar.de\/index.php?rest_route=%2Fwp%2Fv2%2Fproduct_cat&post=3589"},{"taxonomy":"product_tag","embeddable":true,"href":"https:\/\/sonnenschein-uslar.de\/index.php?rest_route=%2Fwp%2Fv2%2Fproduct_tag&post=3589"}],"curies":[{"name":"wp","href":"https:\/\/api.w.org\/{rel}","templated":true}]}}