{"id":3463,"date":"2019-10-05T13:38:09","date_gmt":"2019-10-05T11:38:09","guid":{"rendered":"https:\/\/sonnenschein-uslar.de\/?post_type=product&#038;p=3463"},"modified":"2025-01-06T11:03:27","modified_gmt":"2025-01-06T10:03:27","slug":"die-keilerfaehrte","status":"publish","type":"product","link":"https:\/\/sonnenschein-uslar.de\/?product=die-keilerfaehrte","title":{"rendered":"Ring &#8222;Die Keilerf\u00e4hrte\u201c"},"content":{"rendered":"<p>Silberringring aus 925. Sterlingsilber \u201eDie Keilerf\u00e4hrte\u201c ab 110\u20ac. Bitte w\u00e4hlen Sie Ihre Kombination.<\/p>\n<p>Gerne verwirklichen wir auch Ihre eigenen Vorstellungen.<\/p>\n<p>Ben\u00f6tigen Sie Hilfe bei den Ringgr\u00f6\u00dfen? Kein Problem auf Wunsch schicken wir Ihnen gerne ein Ringma\u00df zu oder nehmen die Ma\u00dfe von vorhandenen Ringen ab.<\/p>\n<p>Moderner Jagdschmuck in Perfektion. Jedes St\u00fcck in Handarbeit gefertigt von unserem Goldschmiedeteam.<\/p>\n","protected":false},"excerpt":{"rendered":"<p>Silberringring aus 925. Sterlingsilber \u201eDie Keilerf\u00e4hrte\u201c ab 110\u20ac. Bitte w\u00e4hlen Sie Ihre Kombination. Gerne verwirklichen wir auch Ihre eigenen Vorstellungen. Ben\u00f6tigen Sie Hilfe bei den Ringgr\u00f6\u00dfen? Kein Problem auf Wunsch schicken wir Ihnen gerne ein Ringma\u00df zu oder nehmen die Ma\u00dfe von vorhandenen Ringen ab. Moderner Jagdschmuck in Perfektion. Jedes St\u00fcck in Handarbeit gefertigt von [&hellip;]<\/p>\n","protected":false},"featured_media":3480,"template":"","meta":[],"product_brand":[],"product_cat":[444,18],"product_tag":[],"class_list":{"0":"post-3463","1":"product","2":"type-product","3":"status-publish","4":"has-post-thumbnail","6":"product_cat-alles","7":"product_cat-ringe","8":"product_shipping_class-standard","10":"first","11":"instock","12":"taxable","13":"shipping-taxable","14":"purchasable","15":"product-type-variable"},"_links":{"self":[{"href":"https:\/\/sonnenschein-uslar.de\/index.php?rest_route=\/wp\/v2\/product\/3463","targetHints":{"allow":["GET"]}}],"collection":[{"href":"https:\/\/sonnenschein-uslar.de\/index.php?rest_route=\/wp\/v2\/product"}],"about":[{"href":"https:\/\/sonnenschein-uslar.de\/index.php?rest_route=\/wp\/v2\/types\/product"}],"wp:featuredmedia":[{"embeddable":true,"href":"https:\/\/sonnenschein-uslar.de\/index.php?rest_route=\/wp\/v2\/media\/3480"}],"wp:attachment":[{"href":"https:\/\/sonnenschein-uslar.de\/index.php?rest_route=%2Fwp%2Fv2%2Fmedia&parent=3463"}],"wp:term":[{"taxonomy":"product_brand","embeddable":true,"href":"https:\/\/sonnenschein-uslar.de\/index.php?rest_route=%2Fwp%2Fv2%2Fproduct_brand&post=3463"},{"taxonomy":"product_cat","embeddable":true,"href":"https:\/\/sonnenschein-uslar.de\/index.php?rest_route=%2Fwp%2Fv2%2Fproduct_cat&post=3463"},{"taxonomy":"product_tag","embeddable":true,"href":"https:\/\/sonnenschein-uslar.de\/index.php?rest_route=%2Fwp%2Fv2%2Fproduct_tag&post=3463"}],"curies":[{"name":"wp","href":"https:\/\/api.w.org\/{rel}","templated":true}]}}