{"id":2828,"date":"2019-08-01T12:53:54","date_gmt":"2019-08-01T10:53:54","guid":{"rendered":"https:\/\/sonnenschein-uslar.de\/?post_type=product&#038;p=2828"},"modified":"2025-01-06T10:51:28","modified_gmt":"2025-01-06T09:51:28","slug":"silhouetten-ohrhaenger-sterlingsilber","status":"publish","type":"product","link":"https:\/\/sonnenschein-uslar.de\/?product=silhouetten-ohrhaenger-sterlingsilber","title":{"rendered":"Silhouetten Ohrh\u00e4nger Sterlingsilber"},"content":{"rendered":"<p>Ohrh\u00e4nger mit Silhouetten ca. 16mm (.925 Sterlingsilber) mit verschiedenen Motiven ab 75\u20ac. Bitte w\u00e4hlen Sie Ihre Kombination. Weitere Materialien und Motive auf Anfrage m\u00f6glich.<\/p>\n<p>Moderner Jagdschmuck in Perfektion. Jedes St\u00fcck in Handarbeit gefertigt von unserem Goldschmiedeteam.<\/p>\n","protected":false},"excerpt":{"rendered":"<p>Ohrh\u00e4nger mit Silhouetten ca. 16mm (.925 Sterlingsilber) mit verschiedenen Motiven ab 75\u20ac. Bitte w\u00e4hlen Sie Ihre Kombination. Weitere Materialien und Motive auf Anfrage m\u00f6glich. Moderner Jagdschmuck in Perfektion. Jedes St\u00fcck in Handarbeit gefertigt von unserem Goldschmiedeteam.<\/p>\n","protected":false},"featured_media":2836,"template":"","meta":[],"product_brand":[],"product_cat":[444,21],"product_tag":[],"class_list":{"0":"post-2828","1":"product","2":"type-product","3":"status-publish","4":"has-post-thumbnail","6":"product_cat-alles","7":"product_cat-ohrstecker","8":"product_shipping_class-standard","10":"first","11":"instock","12":"taxable","13":"shipping-taxable","14":"purchasable","15":"product-type-variable"},"_links":{"self":[{"href":"https:\/\/sonnenschein-uslar.de\/index.php?rest_route=\/wp\/v2\/product\/2828","targetHints":{"allow":["GET"]}}],"collection":[{"href":"https:\/\/sonnenschein-uslar.de\/index.php?rest_route=\/wp\/v2\/product"}],"about":[{"href":"https:\/\/sonnenschein-uslar.de\/index.php?rest_route=\/wp\/v2\/types\/product"}],"wp:featuredmedia":[{"embeddable":true,"href":"https:\/\/sonnenschein-uslar.de\/index.php?rest_route=\/wp\/v2\/media\/2836"}],"wp:attachment":[{"href":"https:\/\/sonnenschein-uslar.de\/index.php?rest_route=%2Fwp%2Fv2%2Fmedia&parent=2828"}],"wp:term":[{"taxonomy":"product_brand","embeddable":true,"href":"https:\/\/sonnenschein-uslar.de\/index.php?rest_route=%2Fwp%2Fv2%2Fproduct_brand&post=2828"},{"taxonomy":"product_cat","embeddable":true,"href":"https:\/\/sonnenschein-uslar.de\/index.php?rest_route=%2Fwp%2Fv2%2Fproduct_cat&post=2828"},{"taxonomy":"product_tag","embeddable":true,"href":"https:\/\/sonnenschein-uslar.de\/index.php?rest_route=%2Fwp%2Fv2%2Fproduct_tag&post=2828"}],"curies":[{"name":"wp","href":"https:\/\/api.w.org\/{rel}","templated":true}]}}