{"id":2777,"date":"2019-06-25T06:55:20","date_gmt":"2019-06-25T04:55:20","guid":{"rendered":"https:\/\/sonnenschein-uslar.de\/?post_type=product&#038;p=2777"},"modified":"2025-01-06T10:48:50","modified_gmt":"2025-01-06T09:48:50","slug":"manschettenknoepfe-sterlingsilber","status":"publish","type":"product","link":"https:\/\/sonnenschein-uslar.de\/?product=manschettenknoepfe-sterlingsilber","title":{"rendered":"Manschettenkn\u00f6pfe Sterlingsilber"},"content":{"rendered":"<p>Manschettenkn\u00f6pfe (.925 Sterlingsilber) mit verschiedenen Motiven ab 90\u20ac. Bitte w\u00e4hlen Sie Ihre Kombination. Weitere Materialien und Motive auf Anfrage m\u00f6glich.<\/p>\n<p>Moderner Jagdschmuck in Perfektion. Jedes St\u00fcck in Handarbeit gefertigt von unserem Goldschmiedeteam.<\/p>\n","protected":false},"excerpt":{"rendered":"<p>Manschettenkn\u00f6pfe (.925 Sterlingsilber) mit verschiedenen Motiven ab 90\u20ac. Bitte w\u00e4hlen Sie Ihre Kombination. Weitere Materialien und Motive auf Anfrage m\u00f6glich. Moderner Jagdschmuck in Perfektion. Jedes St\u00fcck in Handarbeit gefertigt von unserem Goldschmiedeteam.<\/p>\n","protected":false},"featured_media":3580,"template":"","meta":[],"product_brand":[],"product_cat":[444],"product_tag":[],"class_list":{"0":"post-2777","1":"product","2":"type-product","3":"status-publish","4":"has-post-thumbnail","6":"product_cat-alles","7":"product_shipping_class-standard","9":"first","10":"instock","11":"taxable","12":"shipping-taxable","13":"purchasable","14":"product-type-variable"},"_links":{"self":[{"href":"https:\/\/sonnenschein-uslar.de\/index.php?rest_route=\/wp\/v2\/product\/2777","targetHints":{"allow":["GET"]}}],"collection":[{"href":"https:\/\/sonnenschein-uslar.de\/index.php?rest_route=\/wp\/v2\/product"}],"about":[{"href":"https:\/\/sonnenschein-uslar.de\/index.php?rest_route=\/wp\/v2\/types\/product"}],"wp:featuredmedia":[{"embeddable":true,"href":"https:\/\/sonnenschein-uslar.de\/index.php?rest_route=\/wp\/v2\/media\/3580"}],"wp:attachment":[{"href":"https:\/\/sonnenschein-uslar.de\/index.php?rest_route=%2Fwp%2Fv2%2Fmedia&parent=2777"}],"wp:term":[{"taxonomy":"product_brand","embeddable":true,"href":"https:\/\/sonnenschein-uslar.de\/index.php?rest_route=%2Fwp%2Fv2%2Fproduct_brand&post=2777"},{"taxonomy":"product_cat","embeddable":true,"href":"https:\/\/sonnenschein-uslar.de\/index.php?rest_route=%2Fwp%2Fv2%2Fproduct_cat&post=2777"},{"taxonomy":"product_tag","embeddable":true,"href":"https:\/\/sonnenschein-uslar.de\/index.php?rest_route=%2Fwp%2Fv2%2Fproduct_tag&post=2777"}],"curies":[{"name":"wp","href":"https:\/\/api.w.org\/{rel}","templated":true}]}}