{"id":2500,"date":"2019-02-16T07:59:32","date_gmt":"2019-02-16T06:59:32","guid":{"rendered":"https:\/\/sonnenschein-uslar.de\/?post_type=product&#038;p=2500"},"modified":"2025-01-06T10:42:49","modified_gmt":"2025-01-06T09:42:49","slug":"rehkitz-trifft-schmetterling","status":"publish","type":"product","link":"https:\/\/sonnenschein-uslar.de\/?product=rehkitz-trifft-schmetterling","title":{"rendered":"Rehkitz trifft Schmetterling"},"content":{"rendered":"<p>Silberkette mit .925 massivsilberner Silhouette eines Rehkitzes ( ca. 14 mm ) und eines Schmetterlings<\/p>\n<p>Weitere Motive\/Gr\u00f6\u00dfen und Materialien auf Anfrage m\u00f6glich.<\/p>\n","protected":false},"excerpt":{"rendered":"<p>Silberkette mit .925 massivsilberner Silhouette eines Rehkitzes ( ca. 14 mm ) und eines Schmetterlings Weitere Motive\/Gr\u00f6\u00dfen und Materialien auf Anfrage m\u00f6glich.<\/p>\n","protected":false},"featured_media":2505,"template":"","meta":[],"product_brand":[],"product_cat":[444,20],"product_tag":[],"class_list":{"0":"post-2500","1":"product","2":"type-product","3":"status-publish","4":"has-post-thumbnail","6":"product_cat-alles","7":"product_cat-ketten","8":"product_shipping_class-standard","10":"first","11":"instock","12":"taxable","13":"shipping-taxable","14":"purchasable","15":"product-type-variable"},"_links":{"self":[{"href":"https:\/\/sonnenschein-uslar.de\/index.php?rest_route=\/wp\/v2\/product\/2500","targetHints":{"allow":["GET"]}}],"collection":[{"href":"https:\/\/sonnenschein-uslar.de\/index.php?rest_route=\/wp\/v2\/product"}],"about":[{"href":"https:\/\/sonnenschein-uslar.de\/index.php?rest_route=\/wp\/v2\/types\/product"}],"wp:featuredmedia":[{"embeddable":true,"href":"https:\/\/sonnenschein-uslar.de\/index.php?rest_route=\/wp\/v2\/media\/2505"}],"wp:attachment":[{"href":"https:\/\/sonnenschein-uslar.de\/index.php?rest_route=%2Fwp%2Fv2%2Fmedia&parent=2500"}],"wp:term":[{"taxonomy":"product_brand","embeddable":true,"href":"https:\/\/sonnenschein-uslar.de\/index.php?rest_route=%2Fwp%2Fv2%2Fproduct_brand&post=2500"},{"taxonomy":"product_cat","embeddable":true,"href":"https:\/\/sonnenschein-uslar.de\/index.php?rest_route=%2Fwp%2Fv2%2Fproduct_cat&post=2500"},{"taxonomy":"product_tag","embeddable":true,"href":"https:\/\/sonnenschein-uslar.de\/index.php?rest_route=%2Fwp%2Fv2%2Fproduct_tag&post=2500"}],"curies":[{"name":"wp","href":"https:\/\/api.w.org\/{rel}","templated":true}]}}