{"id":2228,"date":"2018-11-04T11:12:52","date_gmt":"2018-11-04T10:12:52","guid":{"rendered":"https:\/\/sonnenschein-uslar.de\/?post_type=product&#038;p=2228"},"modified":"2025-01-06T10:48:50","modified_gmt":"2025-01-06T09:48:50","slug":"manschettenknoepfe-rauhaardackel","status":"publish","type":"product","link":"https:\/\/sonnenschein-uslar.de\/?product=manschettenknoepfe-rauhaardackel","title":{"rendered":"Manschettenkn\u00f6pfe Rauhaardackel"},"content":{"rendered":"<p>Manschettenkn\u00f6pfe in.925 Sterlingsilber mit der Silhouette eines Rauhaardackels ca. 15mm<\/p>\n<p>Abb. \u00e4hnlich da Handarbeit. Weitere Motive\/Materialien und Gr\u00f6\u00dfen auf Anfrage m\u00f6glich.<\/p>\n<p>&nbsp;<\/p>\n<p>die Anfertigungszeit betr\u00e4gt in der Regel 3-5 Wochen.<\/p>\n","protected":false},"excerpt":{"rendered":"<p>Manschettenkn\u00f6pfe in.925 Sterlingsilber mit der Silhouette eines Rauhaardackels ca. 15mm Abb. \u00e4hnlich da Handarbeit. Weitere Motive\/Materialien und Gr\u00f6\u00dfen auf Anfrage m\u00f6glich. &nbsp; die Anfertigungszeit betr\u00e4gt in der Regel 3-5 Wochen.<\/p>\n","protected":false},"featured_media":2232,"template":"","meta":[],"product_brand":[],"product_cat":[444],"product_tag":[],"class_list":{"0":"post-2228","1":"product","2":"type-product","3":"status-publish","4":"has-post-thumbnail","6":"product_cat-alles","7":"product_shipping_class-standard","9":"first","10":"instock","11":"taxable","12":"shipping-taxable","13":"purchasable","14":"product-type-simple"},"_links":{"self":[{"href":"https:\/\/sonnenschein-uslar.de\/index.php?rest_route=\/wp\/v2\/product\/2228","targetHints":{"allow":["GET"]}}],"collection":[{"href":"https:\/\/sonnenschein-uslar.de\/index.php?rest_route=\/wp\/v2\/product"}],"about":[{"href":"https:\/\/sonnenschein-uslar.de\/index.php?rest_route=\/wp\/v2\/types\/product"}],"wp:featuredmedia":[{"embeddable":true,"href":"https:\/\/sonnenschein-uslar.de\/index.php?rest_route=\/wp\/v2\/media\/2232"}],"wp:attachment":[{"href":"https:\/\/sonnenschein-uslar.de\/index.php?rest_route=%2Fwp%2Fv2%2Fmedia&parent=2228"}],"wp:term":[{"taxonomy":"product_brand","embeddable":true,"href":"https:\/\/sonnenschein-uslar.de\/index.php?rest_route=%2Fwp%2Fv2%2Fproduct_brand&post=2228"},{"taxonomy":"product_cat","embeddable":true,"href":"https:\/\/sonnenschein-uslar.de\/index.php?rest_route=%2Fwp%2Fv2%2Fproduct_cat&post=2228"},{"taxonomy":"product_tag","embeddable":true,"href":"https:\/\/sonnenschein-uslar.de\/index.php?rest_route=%2Fwp%2Fv2%2Fproduct_tag&post=2228"}],"curies":[{"name":"wp","href":"https:\/\/api.w.org\/{rel}","templated":true}]}}