{"id":2217,"date":"2018-10-31T11:10:54","date_gmt":"2018-10-31T10:10:54","guid":{"rendered":"https:\/\/sonnenschein-uslar.de\/?post_type=product&#038;p=2217"},"modified":"2025-01-10T13:45:24","modified_gmt":"2025-01-10T12:45:24","slug":"reparatur-von-perlenketten","status":"publish","type":"product","link":"https:\/\/sonnenschein-uslar.de\/?product=reparatur-von-perlenketten","title":{"rendered":"Reparatur von Perlenketten"},"content":{"rendered":"<p><strong>Perlenkette neu aufziehen \u2013 Professionelle Reparatur Ihrer Lieblingskette<\/strong><\/p>\n<p>Ist Ihre Perlenkette gerissen? Kein Problem! Senden Sie uns Ihre defekte Perlenkette zu und wir reparieren sie f\u00fcr Sie fachgerecht. Unser Service umfasst das Neuaufziehen Ihrer Perlenkette, sodass sie wieder wie neu aussieht.<\/p>\n<p>Bitte senden Sie die Perlenkette unter Angabe Ihrer Bestellnummer an unsere Firmenadresse. Achten Sie darauf, die Kette in einem kleinen, versicherten P\u00e4ckchen zu versenden, um einen sicheren Transport zu gew\u00e4hrleisten.<\/p>\n<p>Unser erfahrenes Team sorgt daf\u00fcr, dass Ihre Perlenkette mit gr\u00f6\u00dfter Sorgfalt und Pr\u00e4zision repariert wird. Vertrauen Sie auf unseren Reparaturservice und genie\u00dfen Sie Ihre Perlenkette bald wieder in voller Pracht!<\/p>\n<p>Bitte w\u00e4hlen Sie aus den Versandmethoden ausschlie\u00dflich den versicherten Versand. Nur so k\u00f6nnen wir garantieren, dass beim Versand alles glatt l\u00e4uft und der Artikel nicht verloren geht, wenn dieser unser Haus verl\u00e4sst.<\/p>\n","protected":false},"excerpt":{"rendered":"<p>Perlenkette neu aufziehen \u2013 Professionelle Reparatur Ihrer Lieblingskette Ist Ihre Perlenkette gerissen? Kein Problem! Senden Sie uns Ihre defekte Perlenkette zu und wir reparieren sie f\u00fcr Sie fachgerecht. Unser Service umfasst das Neuaufziehen Ihrer Perlenkette, sodass sie wieder wie neu aussieht. Bitte senden Sie die Perlenkette unter Angabe Ihrer Bestellnummer an unsere Firmenadresse. Achten Sie [&hellip;]<\/p>\n","protected":false},"featured_media":2218,"template":"","meta":[],"product_brand":[],"product_cat":[444,20,47],"product_tag":[513,518,515,520,514,516,517,519],"class_list":{"0":"post-2217","1":"product","2":"type-product","3":"status-publish","4":"has-post-thumbnail","6":"product_cat-alles","7":"product_cat-ketten","8":"product_cat-reparaturen","9":"product_tag-erlenkette-neu-aufziehen","10":"product_tag-perlenkette-bestellnummer","11":"product_tag-perlenkette-gerissen","12":"product_tag-perlenkette-reparaturdienst","13":"product_tag-perlenkette-reparieren","14":"product_tag-perlenkette-service","15":"product_tag-perlenkette-versand","16":"product_tag-versicherter-versand","17":"product_shipping_class-perlenkettenversand","19":"first","20":"instock","21":"taxable","22":"shipping-taxable","23":"purchasable","24":"product-type-variable"},"_links":{"self":[{"href":"https:\/\/sonnenschein-uslar.de\/index.php?rest_route=\/wp\/v2\/product\/2217","targetHints":{"allow":["GET"]}}],"collection":[{"href":"https:\/\/sonnenschein-uslar.de\/index.php?rest_route=\/wp\/v2\/product"}],"about":[{"href":"https:\/\/sonnenschein-uslar.de\/index.php?rest_route=\/wp\/v2\/types\/product"}],"wp:featuredmedia":[{"embeddable":true,"href":"https:\/\/sonnenschein-uslar.de\/index.php?rest_route=\/wp\/v2\/media\/2218"}],"wp:attachment":[{"href":"https:\/\/sonnenschein-uslar.de\/index.php?rest_route=%2Fwp%2Fv2%2Fmedia&parent=2217"}],"wp:term":[{"taxonomy":"product_brand","embeddable":true,"href":"https:\/\/sonnenschein-uslar.de\/index.php?rest_route=%2Fwp%2Fv2%2Fproduct_brand&post=2217"},{"taxonomy":"product_cat","embeddable":true,"href":"https:\/\/sonnenschein-uslar.de\/index.php?rest_route=%2Fwp%2Fv2%2Fproduct_cat&post=2217"},{"taxonomy":"product_tag","embeddable":true,"href":"https:\/\/sonnenschein-uslar.de\/index.php?rest_route=%2Fwp%2Fv2%2Fproduct_tag&post=2217"}],"curies":[{"name":"wp","href":"https:\/\/api.w.org\/{rel}","templated":true}]}}