{"id":2131,"date":"2018-10-23T15:59:38","date_gmt":"2018-10-23T13:59:38","guid":{"rendered":"https:\/\/sonnenschein-uslar.de\/?post_type=product&#038;p=2131"},"modified":"2025-01-06T10:24:48","modified_gmt":"2025-01-06T09:24:48","slug":"charmesanhaenger-sterlingsilber","status":"publish","type":"product","link":"https:\/\/sonnenschein-uslar.de\/?product=charmesanhaenger-sterlingsilber","title":{"rendered":"Charmesanh\u00e4nger Sterlingsilber"},"content":{"rendered":"<p><strong>Charmesanh\u00e4nger \u2013 Einzigartige Silhouetten und individuelle Gestaltung<\/strong><\/p>\n<p>Entdecken Sie unsere hochwertigen Charmesanh\u00e4nger, die in unserer Goldschmiede aus massivem 925 Sterlingsilber gefertigt werden. Diese einzigartigen Anh\u00e4nger sind ca. 14mm gro\u00df und bieten eine Vielzahl an Silhouetten von Wildtieren, Greifv\u00f6geln und Hunden.<\/p>\n<p>M\u00f6chten Sie etwas ganz Besonderes? Senden Sie uns Ihre eigene Silhouette und wir fertigen einen individuellen Charmesanh\u00e4nger f\u00fcr Sie an. F\u00fcr Sondersilhouetten kontaktieren Sie uns bitte \u00fcber info@sonnenschein-uslar.de.<\/p>\n<p>Unsere Charmesanh\u00e4nger sind nicht nur ein stilvolles Accessoire, sondern auch ein pers\u00f6nliches Schmuckst\u00fcck, das Ihre Individualit\u00e4t unterstreicht. Perfekt als Geschenk oder um Ihre eigene Schmucksammlung zu erweitern.<\/p>\n","protected":false},"excerpt":{"rendered":"<p>Charmesanh\u00e4nger \u2013 Einzigartige Silhouetten und individuelle Gestaltung Entdecken Sie unsere hochwertigen Charmesanh\u00e4nger, die in unserer Goldschmiede aus massivem 925 Sterlingsilber gefertigt werden. Diese einzigartigen Anh\u00e4nger sind ca. 14mm gro\u00df und bieten eine Vielzahl an Silhouetten von Wildtieren, Greifv\u00f6geln und Hunden. M\u00f6chten Sie etwas ganz Besonderes? Senden Sie uns Ihre eigene Silhouette und wir fertigen einen [&hellip;]<\/p>\n","protected":false},"featured_media":6989,"template":"","meta":[],"product_brand":[],"product_cat":[444,17,46],"product_tag":[536,530,537,533,534,535,538,540,531,539,532],"class_list":{"0":"post-2131","1":"product","2":"type-product","3":"status-publish","4":"has-post-thumbnail","6":"product_cat-alles","7":"product_cat-armbaender","8":"product_cat-charmesanhaenger","9":"product_tag-925-sterlingsilber","10":"product_tag-charmesanhaenger","11":"product_tag-goldschmiede","12":"product_tag-greifvoegel","13":"product_tag-hunde","14":"product_tag-individuelle-gestaltung","15":"product_tag-personalisierter-schmuck","16":"product_tag-schmuckdesign","17":"product_tag-silhouetten","18":"product_tag-sondersilhouetten","19":"product_tag-wildtiere","20":"product_shipping_class-standard","22":"first","23":"instock","24":"taxable","25":"shipping-taxable","26":"purchasable","27":"product-type-variable"},"_links":{"self":[{"href":"https:\/\/sonnenschein-uslar.de\/index.php?rest_route=\/wp\/v2\/product\/2131","targetHints":{"allow":["GET"]}}],"collection":[{"href":"https:\/\/sonnenschein-uslar.de\/index.php?rest_route=\/wp\/v2\/product"}],"about":[{"href":"https:\/\/sonnenschein-uslar.de\/index.php?rest_route=\/wp\/v2\/types\/product"}],"wp:featuredmedia":[{"embeddable":true,"href":"https:\/\/sonnenschein-uslar.de\/index.php?rest_route=\/wp\/v2\/media\/6989"}],"wp:attachment":[{"href":"https:\/\/sonnenschein-uslar.de\/index.php?rest_route=%2Fwp%2Fv2%2Fmedia&parent=2131"}],"wp:term":[{"taxonomy":"product_brand","embeddable":true,"href":"https:\/\/sonnenschein-uslar.de\/index.php?rest_route=%2Fwp%2Fv2%2Fproduct_brand&post=2131"},{"taxonomy":"product_cat","embeddable":true,"href":"https:\/\/sonnenschein-uslar.de\/index.php?rest_route=%2Fwp%2Fv2%2Fproduct_cat&post=2131"},{"taxonomy":"product_tag","embeddable":true,"href":"https:\/\/sonnenschein-uslar.de\/index.php?rest_route=%2Fwp%2Fv2%2Fproduct_tag&post=2131"}],"curies":[{"name":"wp","href":"https:\/\/api.w.org\/{rel}","templated":true}]}}