{"id":2118,"date":"2018-10-14T09:43:17","date_gmt":"2018-10-14T07:43:17","guid":{"rendered":"https:\/\/sonnenschein-uslar.de\/?post_type=product&#038;p=2118"},"modified":"2025-01-06T10:42:52","modified_gmt":"2025-01-06T09:42:52","slug":"halskette-drahthaar-auf-entenjagd","status":"publish","type":"product","link":"https:\/\/sonnenschein-uslar.de\/?product=halskette-drahthaar-auf-entenjagd","title":{"rendered":"Halskette &#8222;Drahthaar auf Entenjagd&#8220;"},"content":{"rendered":"<p>Silberkette mit .925 massivsilberner Silhouette eines Deutsch Drahthaar ca. 14 mm und einer Ente.<\/p>\n<p>Weitere Motive\/Gr\u00f6\u00dfen und Materialien auf Anfrage m\u00f6glich.<\/p>\n<p><span style=\"color: #ff0000;\"><strong>Anfertigungszeit ca. 3-5 Wochen ab Auftragseingang.<\/strong><\/span><\/p>\n","protected":false},"excerpt":{"rendered":"<p>Silberkette mit .925 massivsilberner Silhouette eines Deutsch Drahthaar ca. 14 mm und einer Ente. Weitere Motive\/Gr\u00f6\u00dfen und Materialien auf Anfrage m\u00f6glich. Anfertigungszeit ca. 3-5 Wochen ab Auftragseingang.<\/p>\n","protected":false},"featured_media":2120,"template":"","meta":[],"product_brand":[],"product_cat":[444,20],"product_tag":[],"class_list":{"0":"post-2118","1":"product","2":"type-product","3":"status-publish","4":"has-post-thumbnail","6":"product_cat-alles","7":"product_cat-ketten","8":"product_shipping_class-standard","10":"first","11":"instock","12":"taxable","13":"shipping-taxable","14":"purchasable","15":"product-type-variable"},"_links":{"self":[{"href":"https:\/\/sonnenschein-uslar.de\/index.php?rest_route=\/wp\/v2\/product\/2118","targetHints":{"allow":["GET"]}}],"collection":[{"href":"https:\/\/sonnenschein-uslar.de\/index.php?rest_route=\/wp\/v2\/product"}],"about":[{"href":"https:\/\/sonnenschein-uslar.de\/index.php?rest_route=\/wp\/v2\/types\/product"}],"wp:featuredmedia":[{"embeddable":true,"href":"https:\/\/sonnenschein-uslar.de\/index.php?rest_route=\/wp\/v2\/media\/2120"}],"wp:attachment":[{"href":"https:\/\/sonnenschein-uslar.de\/index.php?rest_route=%2Fwp%2Fv2%2Fmedia&parent=2118"}],"wp:term":[{"taxonomy":"product_brand","embeddable":true,"href":"https:\/\/sonnenschein-uslar.de\/index.php?rest_route=%2Fwp%2Fv2%2Fproduct_brand&post=2118"},{"taxonomy":"product_cat","embeddable":true,"href":"https:\/\/sonnenschein-uslar.de\/index.php?rest_route=%2Fwp%2Fv2%2Fproduct_cat&post=2118"},{"taxonomy":"product_tag","embeddable":true,"href":"https:\/\/sonnenschein-uslar.de\/index.php?rest_route=%2Fwp%2Fv2%2Fproduct_tag&post=2118"}],"curies":[{"name":"wp","href":"https:\/\/api.w.org\/{rel}","templated":true}]}}