{"id":1819,"date":"2018-06-20T09:54:50","date_gmt":"2018-06-20T07:54:50","guid":{"rendered":"https:\/\/sonnenschein-uslar.de\/?post_type=product&#038;p=1819"},"modified":"2025-01-06T10:42:56","modified_gmt":"2025-01-06T09:42:56","slug":"grandelherz","status":"publish","type":"product","link":"https:\/\/sonnenschein-uslar.de\/?product=grandelherz","title":{"rendered":"Grandelherz"},"content":{"rendered":"<p>Herzanh\u00e4nger mit eigenen Grandeln ab 220\u20ac. Bitte w\u00e4hlen Sie Ihre Kombination.<\/p>\n<p>Bei Versand der eigenen Grandeln \u00a0bitte einen gepolsterten Umschlag verwenden und eine Notiz mit Namen und Anschrift sowie der Artikelbeschreibung und gegebenenfalls der Wunschgravur beif\u00fcgen. Die Wunschgravur befindet sich auf der R\u00fcckseite.<\/p>\n<p>Bitte die Gravur auch bei der Bestellung in Bemerkungen erw\u00e4hnen.<\/p>\n<p><span style=\"display: inline !important; float: none; background-color: transparent; color: #444444; cursor: text; font-family: Georgia,'Bitstream Charter',serif; font-size: 16px; font-style: normal; font-variant: normal; font-weight: 400; letter-spacing: normal; line-height: 24px; orphans: 2; text-align: left; text-decoration: none; text-indent: 0px; text-transform: none; -webkit-text-stroke-width: 0px; white-space: normal; word-spacing: 0px;\">Weitere Materialien auf Anfrage m\u00f6glich.<\/span><\/p>\n<p><span style=\"color: #ff0000;\"><strong>Anfertigungszeit ca. 3-5 Wochen ab Auftragseingang.<\/strong><\/span><\/p>\n","protected":false},"excerpt":{"rendered":"<p>Herzanh\u00e4nger mit eigenen Grandeln ab 220\u20ac. Bitte w\u00e4hlen Sie Ihre Kombination. Bei Versand der eigenen Grandeln \u00a0bitte einen gepolsterten Umschlag verwenden und eine Notiz mit Namen und Anschrift sowie der Artikelbeschreibung und gegebenenfalls der Wunschgravur beif\u00fcgen. Die Wunschgravur befindet sich auf der R\u00fcckseite. Bitte die Gravur auch bei der Bestellung in Bemerkungen erw\u00e4hnen. Weitere Materialien [&hellip;]<\/p>\n","protected":false},"featured_media":1823,"template":"","meta":[],"product_brand":[],"product_cat":[444,77,20],"product_tag":[],"class_list":{"0":"post-1819","1":"product","2":"type-product","3":"status-publish","4":"has-post-thumbnail","6":"product_cat-alles","7":"product_cat-grandelschmuck","8":"product_cat-ketten","9":"product_shipping_class-standard","11":"first","12":"instock","13":"taxable","14":"shipping-taxable","15":"purchasable","16":"product-type-variable"},"_links":{"self":[{"href":"https:\/\/sonnenschein-uslar.de\/index.php?rest_route=\/wp\/v2\/product\/1819","targetHints":{"allow":["GET"]}}],"collection":[{"href":"https:\/\/sonnenschein-uslar.de\/index.php?rest_route=\/wp\/v2\/product"}],"about":[{"href":"https:\/\/sonnenschein-uslar.de\/index.php?rest_route=\/wp\/v2\/types\/product"}],"wp:featuredmedia":[{"embeddable":true,"href":"https:\/\/sonnenschein-uslar.de\/index.php?rest_route=\/wp\/v2\/media\/1823"}],"wp:attachment":[{"href":"https:\/\/sonnenschein-uslar.de\/index.php?rest_route=%2Fwp%2Fv2%2Fmedia&parent=1819"}],"wp:term":[{"taxonomy":"product_brand","embeddable":true,"href":"https:\/\/sonnenschein-uslar.de\/index.php?rest_route=%2Fwp%2Fv2%2Fproduct_brand&post=1819"},{"taxonomy":"product_cat","embeddable":true,"href":"https:\/\/sonnenschein-uslar.de\/index.php?rest_route=%2Fwp%2Fv2%2Fproduct_cat&post=1819"},{"taxonomy":"product_tag","embeddable":true,"href":"https:\/\/sonnenschein-uslar.de\/index.php?rest_route=%2Fwp%2Fv2%2Fproduct_tag&post=1819"}],"curies":[{"name":"wp","href":"https:\/\/api.w.org\/{rel}","templated":true}]}}