{"id":1486,"date":"2018-03-17T16:18:55","date_gmt":"2018-03-17T15:18:55","guid":{"rendered":"http:\/\/sonnenschein-uslar.de\/?post_type=product&#038;p=1486"},"modified":"2025-09-19T09:25:54","modified_gmt":"2025-09-19T07:25:54","slug":"paracordarmband-schrot","status":"publish","type":"product","link":"https:\/\/sonnenschein-uslar.de\/?product=paracordarmband-schrot","title":{"rendered":"Paracordarmband Schrot"},"content":{"rendered":"<p>Paracordarmband Schrot in massiv .925 Sterlingsilber oder .333 Gelbgold in Wunschfarbe und L\u00e4nge. Bitte w\u00e4hlen Sie Ihre Kombination.<\/p>\n<p>Bitte bei der Bestellung unter Bemerkungen Kaliber oder \u201eeigene H\u00fclse\u201c angeben. F\u00fcr die optimale L\u00e4nge bitte Hangelenkumfang +2cm angeben.<\/p>\n<p>Bei Versand der eigenen H\u00fclse bitte einen gepolsterten Umschlag verwenden und eine Notiz mit Namen und Anschrift sowie der Artikelbeschreibung beif\u00fcgen.<\/p>\n<p><span style=\"display: inline ! important; float: none; background-color: transparent; color: #ff0000; cursor: text; font-family: Georgia,'Bitstream Charter',serif; font-size: 16px; font-style: normal; font-variant: normal; font-weight: 400; letter-spacing: normal; line-height: 24px; orphans: 2; text-align: left; text-decoration: none; text-indent: 0px; text-transform: none; white-space: normal; word-spacing: 0px;\"><strong>Anfertigungszeit ca. 3-5 Wochen ab Auftragseingang.<\/strong><\/span><\/p>\n","protected":false},"excerpt":{"rendered":"<p>Paracordarmband Schrot in massiv .925 Sterlingsilber oder .333 Gelbgold in Wunschfarbe und L\u00e4nge. Bitte w\u00e4hlen Sie Ihre Kombination. Bitte bei der Bestellung unter Bemerkungen Kaliber oder \u201eeigene H\u00fclse\u201c angeben. F\u00fcr die optimale L\u00e4nge bitte Hangelenkumfang +2cm angeben. Bei Versand der eigenen H\u00fclse bitte einen gepolsterten Umschlag verwenden und eine Notiz mit Namen und Anschrift sowie [&hellip;]<\/p>\n","protected":false},"featured_media":1492,"template":"","meta":[],"product_brand":[],"product_cat":[444,17,23,19],"product_tag":[],"class_list":{"0":"post-1486","1":"product","2":"type-product","3":"status-publish","4":"has-post-thumbnail","6":"product_cat-alles","7":"product_cat-armbaender","8":"product_cat-herrenschmuck","9":"product_cat-patronenartikel","10":"product_shipping_class-standard","12":"first","13":"instock","14":"taxable","15":"shipping-taxable","16":"purchasable","17":"product-type-variable"},"_links":{"self":[{"href":"https:\/\/sonnenschein-uslar.de\/index.php?rest_route=\/wp\/v2\/product\/1486","targetHints":{"allow":["GET"]}}],"collection":[{"href":"https:\/\/sonnenschein-uslar.de\/index.php?rest_route=\/wp\/v2\/product"}],"about":[{"href":"https:\/\/sonnenschein-uslar.de\/index.php?rest_route=\/wp\/v2\/types\/product"}],"wp:featuredmedia":[{"embeddable":true,"href":"https:\/\/sonnenschein-uslar.de\/index.php?rest_route=\/wp\/v2\/media\/1492"}],"wp:attachment":[{"href":"https:\/\/sonnenschein-uslar.de\/index.php?rest_route=%2Fwp%2Fv2%2Fmedia&parent=1486"}],"wp:term":[{"taxonomy":"product_brand","embeddable":true,"href":"https:\/\/sonnenschein-uslar.de\/index.php?rest_route=%2Fwp%2Fv2%2Fproduct_brand&post=1486"},{"taxonomy":"product_cat","embeddable":true,"href":"https:\/\/sonnenschein-uslar.de\/index.php?rest_route=%2Fwp%2Fv2%2Fproduct_cat&post=1486"},{"taxonomy":"product_tag","embeddable":true,"href":"https:\/\/sonnenschein-uslar.de\/index.php?rest_route=%2Fwp%2Fv2%2Fproduct_tag&post=1486"}],"curies":[{"name":"wp","href":"https:\/\/api.w.org\/{rel}","templated":true}]}}