{"id":1465,"date":"2018-03-17T15:50:55","date_gmt":"2018-03-17T14:50:55","guid":{"rendered":"http:\/\/sonnenschein-uslar.de\/?post_type=product&#038;p=1465"},"modified":"2026-03-02T13:27:53","modified_gmt":"2026-03-02T12:27:53","slug":"partnerring-patronenhuelse-geschlossen","status":"publish","type":"product","link":"https:\/\/sonnenschein-uslar.de\/?product=partnerring-patronenhuelse-geschlossen","title":{"rendered":"Partnerring Patronenh\u00fclse geschlossen"},"content":{"rendered":"<p>Partnerringe mit Patronenh\u00fclse und Brillant im Damenring ab 550\u20ac. Bitte w\u00e4hlen Sie Ihre Kombination.<\/p>\n<p>Bitte bei der Bestellung unter Bemerkungen Kaliber\/Hersteller oder \u201eeigene H\u00fclse\u201c sowie Wunschgravur angeben.<\/p>\n<p>Bei Versand der eigenen H\u00fclse bitte einen gepolsterten Umschlag verwenden und eine Notiz mit Namen und Anschrift sowie der Artikelbeschreibung beif\u00fcgen.<\/p>\n<p>Ben\u00f6tigen Sie Hilfe bei den Ringgr\u00f6\u00dfen? Kein Problem auf Wunsch schicken wir Ihnen gerne ein Ringma\u00df zu oder nehmen die Ma\u00dfe von vorhandenen Ringen ab.<\/p>\n<p><span style=\"display: inline ! important; float: none; background-color: transparent; color: #ff0000; cursor: text; font-family: Georgia,'Bitstream Charter',serif; font-size: 16px; font-style: normal; font-variant: normal; font-weight: 400; letter-spacing: normal; line-height: 24px; orphans: 2; text-align: left; text-decoration: none; text-indent: 0px; text-transform: none; white-space: normal; word-spacing: 0px;\"><strong>Anfertigungszeit ca. 3-5 Wochen ab Auftragseingang&nbsp;<\/strong><\/span><\/p>\n<p>M\u00fcndungsbremse \u201eHexabrake\u201c von Waffen Beyer<\/p>\n","protected":false},"excerpt":{"rendered":"<p>Partnerringe mit Patronenh\u00fclse und Brillant im Damenring ab 550\u20ac. Bitte w\u00e4hlen Sie Ihre Kombination. Bitte bei der Bestellung unter Bemerkungen Kaliber\/Hersteller oder \u201eeigene H\u00fclse\u201c sowie Wunschgravur angeben. Bei Versand der eigenen H\u00fclse bitte einen gepolsterten Umschlag verwenden und eine Notiz mit Namen und Anschrift sowie der Artikelbeschreibung beif\u00fcgen. Ben\u00f6tigen Sie Hilfe bei den Ringgr\u00f6\u00dfen? Kein [&hellip;]<\/p>\n","protected":false},"featured_media":1909,"template":"","meta":[],"product_brand":[],"product_cat":[444,23,19,18],"product_tag":[],"class_list":{"0":"post-1465","1":"product","2":"type-product","3":"status-publish","4":"has-post-thumbnail","6":"product_cat-alles","7":"product_cat-herrenschmuck","8":"product_cat-patronenartikel","9":"product_cat-ringe","10":"product_shipping_class-standard","12":"first","13":"instock","14":"taxable","15":"shipping-taxable","16":"purchasable","17":"product-type-variable"},"_links":{"self":[{"href":"https:\/\/sonnenschein-uslar.de\/index.php?rest_route=\/wp\/v2\/product\/1465","targetHints":{"allow":["GET"]}}],"collection":[{"href":"https:\/\/sonnenschein-uslar.de\/index.php?rest_route=\/wp\/v2\/product"}],"about":[{"href":"https:\/\/sonnenschein-uslar.de\/index.php?rest_route=\/wp\/v2\/types\/product"}],"wp:featuredmedia":[{"embeddable":true,"href":"https:\/\/sonnenschein-uslar.de\/index.php?rest_route=\/wp\/v2\/media\/1909"}],"wp:attachment":[{"href":"https:\/\/sonnenschein-uslar.de\/index.php?rest_route=%2Fwp%2Fv2%2Fmedia&parent=1465"}],"wp:term":[{"taxonomy":"product_brand","embeddable":true,"href":"https:\/\/sonnenschein-uslar.de\/index.php?rest_route=%2Fwp%2Fv2%2Fproduct_brand&post=1465"},{"taxonomy":"product_cat","embeddable":true,"href":"https:\/\/sonnenschein-uslar.de\/index.php?rest_route=%2Fwp%2Fv2%2Fproduct_cat&post=1465"},{"taxonomy":"product_tag","embeddable":true,"href":"https:\/\/sonnenschein-uslar.de\/index.php?rest_route=%2Fwp%2Fv2%2Fproduct_tag&post=1465"}],"curies":[{"name":"wp","href":"https:\/\/api.w.org\/{rel}","templated":true}]}}