{"id":1232,"date":"2018-03-13T18:43:01","date_gmt":"2018-03-13T17:43:01","guid":{"rendered":"http:\/\/sonnenschein-uslar.de\/?post_type=product&#038;p=1232"},"modified":"2025-09-19T09:26:47","modified_gmt":"2025-09-19T07:26:47","slug":"manschettenknoepfe-mit-huelsenboden","status":"publish","type":"product","link":"https:\/\/sonnenschein-uslar.de\/?product=manschettenknoepfe-mit-huelsenboden","title":{"rendered":"Manschettenkn\u00f6pfe mit H\u00fclsenboden"},"content":{"rendered":"<p>Manschettenkn\u00f6pfe mit H\u00fclsenb\u00f6den und .925 Sterlingsilber- Mechanik gerne aus den eigenen H\u00fclsen gefertigt.<\/p>\n<p>Bitte bei der Bestellung unter Bemerkungen Kaliber\/Hersteller oder \u201eeigene H\u00fclsen\u201c angeben.<\/p>\n<p>Bei Versand der eigenen H\u00fclse bitte einen gepolsterten Umschlag verwenden und eine Notiz mit Namen und Anschrift sowie der Artikelbeschreibung beif\u00fcgen.<\/p>\n<p><strong><span style=\"color: #ff0000;\">Anfertigungszeit ca. 3-5 Wochen ab Auftragseingang<\/span>\u00a0<\/strong><\/p>\n","protected":false},"excerpt":{"rendered":"<p>Manschettenkn\u00f6pfe mit H\u00fclsenb\u00f6den und .925 Sterlingsilber- Mechanik gerne aus den eigenen H\u00fclsen gefertigt. Bitte bei der Bestellung unter Bemerkungen Kaliber\/Hersteller oder \u201eeigene H\u00fclsen\u201c angeben. Bei Versand der eigenen H\u00fclse bitte einen gepolsterten Umschlag verwenden und eine Notiz mit Namen und Anschrift sowie der Artikelbeschreibung beif\u00fcgen. Anfertigungszeit ca. 3-5 Wochen ab Auftragseingang\u00a0<\/p>\n","protected":false},"featured_media":6958,"template":"","meta":[],"product_brand":[],"product_cat":[444,23,19],"product_tag":[],"class_list":{"0":"post-1232","1":"product","2":"type-product","3":"status-publish","4":"has-post-thumbnail","6":"product_cat-alles","7":"product_cat-herrenschmuck","8":"product_cat-patronenartikel","9":"product_shipping_class-standard","11":"first","12":"instock","13":"taxable","14":"shipping-taxable","15":"purchasable","16":"product-type-variable"},"_links":{"self":[{"href":"https:\/\/sonnenschein-uslar.de\/index.php?rest_route=\/wp\/v2\/product\/1232","targetHints":{"allow":["GET"]}}],"collection":[{"href":"https:\/\/sonnenschein-uslar.de\/index.php?rest_route=\/wp\/v2\/product"}],"about":[{"href":"https:\/\/sonnenschein-uslar.de\/index.php?rest_route=\/wp\/v2\/types\/product"}],"wp:featuredmedia":[{"embeddable":true,"href":"https:\/\/sonnenschein-uslar.de\/index.php?rest_route=\/wp\/v2\/media\/6958"}],"wp:attachment":[{"href":"https:\/\/sonnenschein-uslar.de\/index.php?rest_route=%2Fwp%2Fv2%2Fmedia&parent=1232"}],"wp:term":[{"taxonomy":"product_brand","embeddable":true,"href":"https:\/\/sonnenschein-uslar.de\/index.php?rest_route=%2Fwp%2Fv2%2Fproduct_brand&post=1232"},{"taxonomy":"product_cat","embeddable":true,"href":"https:\/\/sonnenschein-uslar.de\/index.php?rest_route=%2Fwp%2Fv2%2Fproduct_cat&post=1232"},{"taxonomy":"product_tag","embeddable":true,"href":"https:\/\/sonnenschein-uslar.de\/index.php?rest_route=%2Fwp%2Fv2%2Fproduct_tag&post=1232"}],"curies":[{"name":"wp","href":"https:\/\/api.w.org\/{rel}","templated":true}]}}