{"id":5018,"date":"2020-08-26T23:00:40","date_gmt":"2020-08-26T21:00:40","guid":{"rendered":"https:\/\/sonnenschein-uslar.de\/?page_id=5018"},"modified":"2020-08-26T23:21:36","modified_gmt":"2020-08-26T21:21:36","slug":"zahlungsarten","status":"publish","type":"page","link":"https:\/\/sonnenschein-uslar.de\/?page_id=5018","title":{"rendered":"Zahlungsarten"},"content":{"rendered":"\n<p>Hier stellen wir ihnen dar, welche derzeitigen Zahlungsm\u00f6glichkeiten Sie bei uns haben. Diese sind teilweise \u00fcber externe Zahlungsdienstleister angeboten und Sie m\u00fcssen sich dort registrieren, um den vollen Service nutzen zu k\u00f6nnen.<\/p>\n\n\n\n<p>Bitte haben Sie Verst\u00e4ndnis, dass nicht immer alle Zahlungsm\u00f6glichkeiten vorhanden sein k\u00f6nnten \u2013 da im Online-Payment \u2013 Bereich auch Ausf\u00e4lle zu verzeichnen und diese nicht durch unsere IT-Wartungsarbeiten abgedeckt sind.<\/p>\n\n\n\n<p>Bei den analogen Zahlungsmodalit\u00e4ten haben Sie die M\u00f6glichkeiten Bar der mit der Karte im Gesch\u00e4ft zu zahlen oder den Betrag bei Wahl der Zahlungsm\u00f6glichkeit \u201eNachnahme\u201c bei einem Mitarbeiter der deutschen Post. Dieses geschieht in der Regel mit Bargeld \u2013 wir bitten also, den Betrag passend zu zahlen.<\/p>\n\n\n\n<p>Nat\u00fcrlich k\u00f6nnen Sie den Betrag auch \u00fcberweisen. Nutzen Sie die dazu im Kaufprozess hinterlegte Bankverbindung.<\/p>\n\n\n\n<h2 class=\"wp-block-heading\">Eigentumsvorbehalt<\/h2>\n\n\n\n<p>Bis zur vollst\u00e4ndigen Bezahlung bleibt die Ware unser Eigentum. Wir werden es zur\u00fcckfordern m\u00fcssen, wenn die Ware nicht bezahlt wird und werden dazu auch Aufwandspauschalen berechnen und notfalls Inkassob\u00fcros beauftragen.<\/p>\n\n\n\n<p>Ihr Artikel wird erst dann versendet, wenn eine Zahlungsart ausgew\u00e4hlt und die notwendigen Schritte durchgef\u00fchrt worden sind. Sollte der Artikel nach keinerlei R\u00fccksprache nicht bezahlt werden, wird er storniert und die Bestellung gilt als \u201eNicht get\u00e4tigt\u201c. Sie werden dar\u00fcber per Mail informiert.<\/p>\n\n\n\n<p>Sollte eine Bestellung eingehen, die binnen 14 Tagen nicht bezahlt worden ist, die Waren jedoch bereits versendet worden sein und\/oder die Zahlung storniert werden haben Sie umgehend die Ware unbesch\u00e4digt und unge\u00f6ffnet an uns auf eigene Kosten zur\u00fcckzusenden. F\u00fcr diesen Fall erheben wir zus\u00e4tzlich eine Pauschale von 10 \u20ac f\u00fcr den Aufwand.<\/p>\n\n\n\n<p>Ein Umtausch oder eine Auftragsstornierung ist nur mit Hilfe unseres&nbsp;<a href=\"https:\/\/classic-caliber.de\/widerrufsbelehrung\/\" target=\"_blank\" rel=\"noreferrer noopener\">Widerrufsformulars<\/a>&nbsp;oder nach telefonischer Absprache mit der Gesch\u00e4ftsf\u00fchrung durchzuf\u00fchren.<\/p>\n\n\n\n<h2 class=\"wp-block-heading\">Abtretung an Dritte<\/h2>\n\n\n\n<p>Bei einzelnen Zahlungsarten wie z.B. Paypal oder Klarna treten wir die Forderung an deren Kreditorenabteilung ab und die Zahlungsabwicklung wird \u00fcber diese Anbieter geregelt. Das bedeutet, dass die Zahlungen direkt \u00fcber deren Konten laufen und diese \u00fcber eine von Ihnen festgelegte Transaktionsart auf bei einem von Ihnen dort er\u00f6ffneten Konto erfolgen. In den meisten F\u00e4llen wird dort auch eine Bonit\u00e4tspr\u00fcfung durchgef\u00fchrt.<\/p>\n\n\n\n<p> Wir machen auch deutlich, dass der f\u00fcr die Zahlungsabwicklung genutzter Dienstleister selbst entscheidet ob und wie Sir dort bezahlen. Wir haben darauf keinen Einfluss. Wenden Se sich dazu bitte an deren Support. <\/p>\n\n\n\n<h2 class=\"wp-block-heading\">Hier unsere Zahlungsm\u00f6glichkeiten<\/h2>\n\n\n<div class=\"woocommerce woocommerce-gzd\">\n\t<ul class=\"payment_methods methods\">\n\t\t\t\t\t<li class=\"payment_method_woocommerce_payments\">\n\t\t\t\t<label>Karte<img decoding=\"async\" data-src=\"https:\/\/sonnenschein-uslar.de\/wp-content\/plugins\/woocommerce-payments\/assets\/images\/payment-methods\/generic-card.svg\" alt=\"Karte\" src=\"data:image\/svg+xml;base64,PHN2ZyB3aWR0aD0iMSIgaGVpZ2h0PSIxIiB4bWxucz0iaHR0cDovL3d3dy53My5vcmcvMjAwMC9zdmciPjwvc3ZnPg==\" class=\"lazyload\" \/><\/label>\n\t\t\t\t\t\t\t\t\t<div class=\"payment_box payment_method_woocommerce_payments\">\n\t\t\t\t\t\t<p><\/p>\n\t\t\t\t\t<\/div>\n\t\t\t\t\t\t\t<\/li>\n\t\t\t\t\t<li class=\"payment_method_woocommerce_payments_bancontact\">\n\t\t\t\t<label>Bancontact<img decoding=\"async\" data-src=\"https:\/\/sonnenschein-uslar.de\/wp-content\/plugins\/woocommerce-payments\/assets\/images\/payment-methods\/bancontact.svg\" alt=\"Bancontact\" src=\"data:image\/svg+xml;base64,PHN2ZyB3aWR0aD0iMSIgaGVpZ2h0PSIxIiB4bWxucz0iaHR0cDovL3d3dy53My5vcmcvMjAwMC9zdmciPjwvc3ZnPg==\" class=\"lazyload\" \/><\/label>\n\t\t\t\t\t\t\t\t\t<div class=\"payment_box payment_method_woocommerce_payments_bancontact\">\n\t\t\t\t\t\t<p><\/p>\n\t\t\t\t\t<\/div>\n\t\t\t\t\t\t\t<\/li>\n\t\t\t\t\t<li class=\"payment_method_woocommerce_payments_eps\">\n\t\t\t\t<label>EPS<img decoding=\"async\" data-src=\"https:\/\/sonnenschein-uslar.de\/wp-content\/plugins\/woocommerce-payments\/assets\/images\/payment-methods\/eps.svg\" alt=\"EPS\" src=\"data:image\/svg+xml;base64,PHN2ZyB3aWR0aD0iMSIgaGVpZ2h0PSIxIiB4bWxucz0iaHR0cDovL3d3dy53My5vcmcvMjAwMC9zdmciPjwvc3ZnPg==\" class=\"lazyload\" \/><\/label>\n\t\t\t\t\t\t\t\t\t<div class=\"payment_box payment_method_woocommerce_payments_eps\">\n\t\t\t\t\t\t<p><\/p>\n\t\t\t\t\t<\/div>\n\t\t\t\t\t\t\t<\/li>\n\t\t\t\t\t<li class=\"payment_method_woocommerce_payments_ideal\">\n\t\t\t\t<label>iDEAL | Wero<img decoding=\"async\" data-src=\"https:\/\/sonnenschein-uslar.de\/wp-content\/plugins\/woocommerce-payments\/assets\/images\/payment-methods\/ideal.svg\" alt=\"iDEAL | Wero\" src=\"data:image\/svg+xml;base64,PHN2ZyB3aWR0aD0iMSIgaGVpZ2h0PSIxIiB4bWxucz0iaHR0cDovL3d3dy53My5vcmcvMjAwMC9zdmciPjwvc3ZnPg==\" class=\"lazyload\" \/><\/label>\n\t\t\t\t\t\t\t\t\t<div class=\"payment_box payment_method_woocommerce_payments_ideal\">\n\t\t\t\t\t\t<p><\/p>\n\t\t\t\t\t<\/div>\n\t\t\t\t\t\t\t<\/li>\n\t\t\t\t\t<li class=\"payment_method_woocommerce_payments_klarna\">\n\t\t\t\t<label>Klarna<img decoding=\"async\" data-src=\"https:\/\/sonnenschein-uslar.de\/wp-content\/plugins\/woocommerce-payments\/assets\/images\/payment-methods\/klarna-pill.svg\" alt=\"Klarna\" src=\"data:image\/svg+xml;base64,PHN2ZyB3aWR0aD0iMSIgaGVpZ2h0PSIxIiB4bWxucz0iaHR0cDovL3d3dy53My5vcmcvMjAwMC9zdmciPjwvc3ZnPg==\" class=\"lazyload\" \/><\/label>\n\t\t\t\t\t\t\t\t\t<div class=\"payment_box payment_method_woocommerce_payments_klarna\">\n\t\t\t\t\t\t<p><\/p>\n\t\t\t\t\t<\/div>\n\t\t\t\t\t\t\t<\/li>\n\t\t\t\t\t<li class=\"payment_method_woocommerce_payments_p24\">\n\t\t\t\t<label>Przelewy24 (P24)<img decoding=\"async\" data-src=\"https:\/\/sonnenschein-uslar.de\/wp-content\/plugins\/woocommerce-payments\/assets\/images\/payment-methods\/p24.svg\" alt=\"Przelewy24 (P24)\" src=\"data:image\/svg+xml;base64,PHN2ZyB3aWR0aD0iMSIgaGVpZ2h0PSIxIiB4bWxucz0iaHR0cDovL3d3dy53My5vcmcvMjAwMC9zdmciPjwvc3ZnPg==\" class=\"lazyload\" \/><\/label>\n\t\t\t\t\t\t\t\t\t<div class=\"payment_box payment_method_woocommerce_payments_p24\">\n\t\t\t\t\t\t<p><\/p>\n\t\t\t\t\t<\/div>\n\t\t\t\t\t\t\t<\/li>\n\t\t\t\t\t<li class=\"payment_method_woocommerce_payments_apple_pay\">\n\t\t\t\t<label>Apple Pay<img decoding=\"async\" data-src=\"https:\/\/sonnenschein-uslar.de\/wp-content\/plugins\/woocommerce-payments\/assets\/images\/cards\/apple-pay.svg\" alt=\"Apple Pay\" src=\"data:image\/svg+xml;base64,PHN2ZyB3aWR0aD0iMSIgaGVpZ2h0PSIxIiB4bWxucz0iaHR0cDovL3d3dy53My5vcmcvMjAwMC9zdmciPjwvc3ZnPg==\" class=\"lazyload\" \/><\/label>\n\t\t\t\t\t\t\t\t\t<div class=\"payment_box payment_method_woocommerce_payments_apple_pay\">\n\t\t\t\t\t\t<p><\/p>\n\t\t\t\t\t<\/div>\n\t\t\t\t\t\t\t<\/li>\n\t\t\t\t\t<li class=\"payment_method_woocommerce_payments_google_pay\">\n\t\t\t\t<label>Google Pay<img decoding=\"async\" data-src=\"https:\/\/sonnenschein-uslar.de\/wp-content\/plugins\/woocommerce-payments\/assets\/images\/cards\/google-pay.svg\" alt=\"Google Pay\" src=\"data:image\/svg+xml;base64,PHN2ZyB3aWR0aD0iMSIgaGVpZ2h0PSIxIiB4bWxucz0iaHR0cDovL3d3dy53My5vcmcvMjAwMC9zdmciPjwvc3ZnPg==\" class=\"lazyload\" \/><\/label>\n\t\t\t\t\t\t\t\t\t<div class=\"payment_box payment_method_woocommerce_payments_google_pay\">\n\t\t\t\t\t\t<p><\/p>\n\t\t\t\t\t<\/div>\n\t\t\t\t\t\t\t<\/li>\n\t\t\t\t\t<li class=\"payment_method_bacs\">\n\t\t\t\t<label>Direkte Bank\u00fcberweisung<\/label>\n\t\t\t\t\t\t\t\t\t<div class=\"payment_box payment_method_bacs\">\n\t\t\t\t\t\t<p>\u00dcberweise direkt an unsere Bankverbindung. Bitte nutze die Bestellnummer als Verwendungszweck. Deine Bestellung wird erst nach Geldeingang auf unserem Konto bearbeitet und geht erst dann in die Bearbeitung.<\/p>\n\t\t\t\t\t<\/div>\n\t\t\t\t\t\t\t<\/li>\n\t\t\t\t\t<li class=\"payment_method_paypal\">\n\t\t\t\t<label>PayPal<img decoding=\"async\" data-src=\"https:\/\/sonnenschein-uslar.de\/wp-content\/plugins\/woocommerce\/assets\/images\/paypal.png\" alt=\"\u201ePaypal akzeptiert\u201c-Logo\" src=\"data:image\/svg+xml;base64,PHN2ZyB3aWR0aD0iMSIgaGVpZ2h0PSIxIiB4bWxucz0iaHR0cDovL3d3dy53My5vcmcvMjAwMC9zdmciPjwvc3ZnPg==\" class=\"lazyload\" style=\"--smush-placeholder-width: 1686px; --smush-placeholder-aspect-ratio: 1686\/409;\" \/><\/label>\n\t\t\t\t\t\t\t\t\t<div class=\"payment_box payment_method_paypal\">\n\t\t\t\t\t\t<p>Mit Paypal bezahlen. Solltest du keinen Paypal-Account besitzen, kannst du auch mit deiner Kreditkarte bezahlen.<\/p>\n\t\t\t\t\t<\/div>\n\t\t\t\t\t\t\t<\/li>\n\t\t\t\t\t<li class=\"payment_method_sumup\">\n\t\t\t\t<label>Zahle mit SumUp<\/label>\n\t\t\t\t\t\t\t\t\t<div class=\"payment_box payment_method_sumup\">\n\t\t\t\t\t\t<p>Sie k\u00f6nnen nach dem Kauf ihre Zahlungsmethode w\u00e4hlen.<\/p>\n\t\t\t\t\t<\/div>\n\t\t\t\t\t\t\t<\/li>\n\t\t\t<\/ul>\n<\/div>\n\n\n\n<p><\/p>\n","protected":false},"excerpt":{"rendered":"<p>Hier stellen wir ihnen dar, welche derzeitigen Zahlungsm\u00f6glichkeiten Sie bei uns haben. Diese sind teilweise \u00fcber externe Zahlungsdienstleister angeboten und Sie m\u00fcssen sich dort registrieren, um den vollen Service nutzen zu k\u00f6nnen. Bitte haben Sie Verst\u00e4ndnis, dass nicht immer alle Zahlungsm\u00f6glichkeiten vorhanden sein k\u00f6nnten \u2013 da im Online-Payment \u2013 Bereich auch Ausf\u00e4lle zu verzeichnen und [&hellip;]<\/p>\n","protected":false},"author":287,"featured_media":0,"parent":8,"menu_order":0,"comment_status":"closed","ping_status":"closed","template":"","meta":{"footnotes":""},"class_list":["post-5018","page","type-page","status-publish","hentry"],"_links":{"self":[{"href":"https:\/\/sonnenschein-uslar.de\/index.php?rest_route=\/wp\/v2\/pages\/5018","targetHints":{"allow":["GET"]}}],"collection":[{"href":"https:\/\/sonnenschein-uslar.de\/index.php?rest_route=\/wp\/v2\/pages"}],"about":[{"href":"https:\/\/sonnenschein-uslar.de\/index.php?rest_route=\/wp\/v2\/types\/page"}],"author":[{"embeddable":true,"href":"https:\/\/sonnenschein-uslar.de\/index.php?rest_route=\/wp\/v2\/users\/287"}],"replies":[{"embeddable":true,"href":"https:\/\/sonnenschein-uslar.de\/index.php?rest_route=%2Fwp%2Fv2%2Fcomments&post=5018"}],"version-history":[{"count":3,"href":"https:\/\/sonnenschein-uslar.de\/index.php?rest_route=\/wp\/v2\/pages\/5018\/revisions"}],"predecessor-version":[{"id":5026,"href":"https:\/\/sonnenschein-uslar.de\/index.php?rest_route=\/wp\/v2\/pages\/5018\/revisions\/5026"}],"up":[{"embeddable":true,"href":"https:\/\/sonnenschein-uslar.de\/index.php?rest_route=\/wp\/v2\/pages\/8"}],"wp:attachment":[{"href":"https:\/\/sonnenschein-uslar.de\/index.php?rest_route=%2Fwp%2Fv2%2Fmedia&parent=5018"}],"curies":[{"name":"wp","href":"https:\/\/api.w.org\/{rel}","templated":true}]}}