{"id":4051,"date":"2020-04-19T18:16:52","date_gmt":"2020-04-19T16:16:52","guid":{"rendered":"https:\/\/sonnenschein-uslar.de\/?page_id=4051"},"modified":"2025-01-05T06:38:21","modified_gmt":"2025-01-05T05:38:21","slug":"versand-und-verpackung","status":"publish","type":"page","link":"https:\/\/sonnenschein-uslar.de\/?page_id=4051","title":{"rendered":"Versand"},"content":{"rendered":"<h1>Versandarten, -l\u00e4nder und -kosten<\/h1>\n<p>Wir versenden in viele Gebiete zu g\u00fcnstigen Preisen. Wir setzen viel daran, dass der Versand versichert ist und Sie auf jeden Fall die Lieferungen unserer Artikel erhalten. Hier stellen wir ihnen dar, welche Versandzonen es gibt, welche Kosten auf Sie zukommen und ob es Gebiete gibt, in denen wir keinen Versand anbieten k\u00f6nnen.<\/p>\n<p>Unsere Versandkosten ergeben sich immer aus den Kosten des Versanddienstleisters und der gesetzlichen Mehrwertsteuer. Diese m\u00fcssen wir laut Umsatzsteuergesetz erheben.<\/p>\n<p>Sollten Sie Fragen haben, benutzen Sie Bitte unsere Kontaktformular. Wir finden sicherlich auch eine L\u00f6sung die Waren in ihr Gebiet zu versenden und erkl\u00e4ren ihnen auch, welche Vorgaben z.B. beim Zoll wir erf\u00fcllen m\u00fcssen.<\/p>\n<p>Zus\u00e4tzlich zum versichertem Versand gibt es auch die Versandoption &#8222;unversicherter Versand&#8220;. Die Bedingungen daf\u00fcr finden Sie weiter unten.<\/p>\n<h1>Versand innerhalb Deutschlands<\/h1>\n<p>Innerhalb Deutschlands versenden wir in alle Bundesl\u00e4nder und Postleitzahlengebiete ohne Einschr\u00e4nkung. Hier versenden wir versichert &#8211; bis zu 500 \u20ac &#8211; mit dem Dienstleister DHL oder deren Speditionsbetrieben und Subunternehmern.<\/p>\n<p>Es gibt folgende Versandarten: Kostenlose Abholung im Gesch\u00e4ft in Uslar, Versand mit dem Standardversand innerhalb bis zu 5 Wochen nach Geldeingang und den Gutschein- bzw. Patchversand. Diese werden kosteng\u00fcnstiger im Kuvert versendet. Alle Preise verstehen sich inkl. MwSt.<\/p>\n<h4>Abholung im Gesch\u00e4ft 0,00 \u20ac<\/h4>\n<h4>versicherter Standardversand im Paket 8,00 \u20ac<\/h4>\n<h4>versicherter Gutscheinversand im Brief 4,99 \u20ac<\/h4>\n<h4>Patchversand im Kuvert 0,95 \u20ac<\/h4>\n<h4>Unversicherter Versand 4,80 \u20ac<\/h4>\n<h1>Versand innerhalb bestimmter Teile der EU<\/h1>\n<p>Wir versenden in die EU. (ohne Kanarische Inseln, Ceuta, Melilla, zyprischer Nordteil, Livigno, Campione d&#8217;Itali, Kanalinseln, Berg Athos, \u00c4landinseln, F\u00e4r\u00f6er, Gr\u00f6nland und \u00fcberseeische oder au\u00dfereurop\u00e4ische Gebiete)<\/p>\n<p>Hier versenden wir versichert &#8211; bis zu 500 \u20ac &#8211; mit dem Dienstleister DHL oder deren Speditionsbetrieben und Subunternehmern.<\/p>\n<p>Es gibt folgende Versandarten: Kostenlose Abholung im Gesch\u00e4ft in Uslar, Versand mit dem Standardversand innerhalb bis zu 5 Wochen nach Geldeingang und den Gutschein- bzw. Patchversand. Diese werden kosteng\u00fcnstiger im Kuvert versendet. Alle Preise verstehen sich inkl. MwSt.<\/p>\n<h4>Abholung im Gesch\u00e4ft 0,00 \u20ac<\/h4>\n<h4>versicherter Standardversand im Paket 20,99 \u20ac<\/h4>\n<h4>versicherter Gutscheinversand im Brief 9,00 \u20ac<\/h4>\n<h4>Patchversand im Kuvert 2,99 \u20ac<\/h4>\n<h4>Unversicherter Versand 9,00 \u20ac<\/h4>\n<h1>Versand innerhalb bestimmter Teile der EU II.<\/h1>\n<p>Wir versenden in die EU. Folgende Preise werden f\u00fcr folgende Gebiete erhoben: \u00c4landinseln (Finnland), Andorra, Albanien, Belarus, Berg, Athos (Griechenland), Bosnien-Herzegowina, Campione d&#8217;Italia (Italien), Ceuta (Spanien), F\u00e4r\u00f6er-Inseln (D\u00e4nemark), Georgien, Gibraltar (Gro\u00dfbritannien), Gr\u00f6nland (D\u00e4nemark), Island, Kanalinseln (Gro\u00dfbritannien), Kanarische Inseln (Spanien, Kosovo, Liechtenstein, Livigno (Italien), Mazedonien, Melilla (Spanien), Moldau, Montenegro, San Marino, Serbien, T\u00fcrkei, Ukraine, Vatikanstadt, Zypern (Nordteil)<\/p>\n<p>Hier versenden wir versichert &#8211; bis zu 500 \u20ac &#8211; mit dem Dienstleister DHL oder deren Speditionsbetrieben und Subunternehmern.<\/p>\n<p>Es gibt folgende Versandarten: Kostenlose Abholung im Gesch\u00e4ft in Uslar, Versand mit dem Standardversand innerhalb bis zu 5 Wochen nach Geldeingang und den Gutschein- bzw. Patchversand. Diese werden kosteng\u00fcnstiger im Kuvert versendet. Alle Preise verstehen sich inkl. MwSt.<\/p>\n<h4>Abholung im Gesch\u00e4ft 0,00 \u20ac<\/h4>\n<h4>versicherter Standardversand im Paket 44,99 \u20ac<\/h4>\n<h4>versicherter Gutscheinversand im Brief 20,99 \u20ac<\/h4>\n<h4>Patchversand im Kuvert 20,99 \u20ac<\/h4>\n<h4>Unversicherter Versand 20,00 \u20ac<\/h4>\n<h1>Versand in die Schweiz<\/h1>\n<p>Wir versenden in die Schweiz. <strong>Hierbei ist aber zu beachten, dass zus\u00e4tzlich Zoll und andere Geb\u00fchren auf Sie zu kommen<\/strong>. Generell gelten hier folgende Versandregeln (zzgl. Zoll und Geb\u00fchren) &#8211; <strong>Bitte kontaktieren Sie uns VOR ihrer Bestellung<\/strong>, da wir sonst den Artikel nicht versenden. Sicherlich l\u00e4sst sich im Vorfeld kl\u00e4ren, welche Geb\u00fchren f\u00e4llig werden.<\/p>\n<p>Hier versenden wir versichert &#8211; bis zu 500 \u20ac &#8211; mit dem Dienstleister DHL oder deren Speditionsbetrieben und Subunternehmern.<\/p>\n<p>Es gibt folgende Versandarten: Kostenlose Abholung im Gesch\u00e4ft in Uslar, Versand mit dem Standardversand innerhalb bis zu 5 Wochen nach Geldeingang und den Gutschein- bzw. Patchversand. Diese werden kosteng\u00fcnstiger im Kuvert versendet. Alle Preise verstehen sich inkl. MwSt.<\/p>\n<h4>Abholung im Gesch\u00e4ft 0,00 \u20ac<\/h4>\n<h4>versicherter Standardversand im Paket 44,99 \u20ac<\/h4>\n<h4>versicherter Gutscheinversand im Brief 14,99 \u20ac<\/h4>\n<h4>Patchversand im Kuvert 14,99 \u20ac<\/h4>\n<h4>Unversicherter Versand 20,00 \u20ac<\/h4>\n<h2>Zus\u00e4tzliche Angaben und Bestimmungen<\/h2>\n<h3>Zollbestimmungen, Abholfristen, Reklamationen, Unversicherter Versand, R\u00fccksendungen<\/h3>\n<p>In einigen L\u00e4ndern gelten bestimmte Z\u00f6lle. Hier m\u00fcssen Sie uns bitte vorher (am besten telefonisch oder per Mail)\u00a0 informieren, da es sich nicht lohnt bei kleinen oder g\u00fcnstigen Artikeln zu versenden. Z\u00f6lle werden wir ihnen zus\u00e4tzlich berechnen m\u00fcssen.<\/p>\n<p>Es gibt nat\u00fcrlich die M\u00f6glichkeit, an eine andere Adresse als die Rechnungsadresse zu versenden. Hierbei sind auch Packstationen inbegriffen. Sollten Sie ihr Paket wegen der Abholfristen nicht abholen k\u00f6nnen, geht der Artikel und ihr Anspruch am Besitz verloren.<\/p>\n<p>Da ihre Artikel w\u00e4hrend des gesamten Liefervorgangs versichert sind, ist im Reklamationsfalle der Paketdienstleister ihr Ansprechpartner f\u00fcr Besch\u00e4digungen, Verlust oder Wertminderung. Wir k\u00f6nnen in diesem Falle keine Kosten ersetzen.<\/p>\n<p>Bei der freiwillig gew\u00e4hlten Versandart &#8222;unversichert&#8220; haften wir weder f\u00fcr Nicht-Lieferung, Verlust oder Besch\u00e4digung der Ware und des Pakets. Sie tragen alle Risiken selbst.<\/p>\n<p>R\u00fccksendungen sind grunds\u00e4tzlich in der Versandart &#8222;mit Sendungsnummer \/ versichert&#8220; zu versehen. Wir \u00fcbernehmen keine Garantie, wenn bei der R\u00fccksendung der Artikel nicht ankommt. Der Warenwert wird erst nach Sendungseingang erstattet. Sollte die Sendung verloren gehen, dann erstatten wir auch keine Kosten.<\/p>\n","protected":false},"excerpt":{"rendered":"<p>Versandarten, -l\u00e4nder und -kosten Wir versenden in viele Gebiete zu g\u00fcnstigen Preisen. Wir setzen viel daran, dass der Versand versichert ist und Sie auf jeden Fall die Lieferungen unserer Artikel erhalten. Hier stellen wir ihnen dar, welche Versandzonen es gibt, welche Kosten auf Sie zukommen und ob es Gebiete gibt, in denen wir keinen Versand [&hellip;]<\/p>\n","protected":false},"author":287,"featured_media":0,"parent":161,"menu_order":0,"comment_status":"closed","ping_status":"closed","template":"","meta":{"footnotes":""},"class_list":["post-4051","page","type-page","status-publish","hentry"],"_links":{"self":[{"href":"https:\/\/sonnenschein-uslar.de\/index.php?rest_route=\/wp\/v2\/pages\/4051","targetHints":{"allow":["GET"]}}],"collection":[{"href":"https:\/\/sonnenschein-uslar.de\/index.php?rest_route=\/wp\/v2\/pages"}],"about":[{"href":"https:\/\/sonnenschein-uslar.de\/index.php?rest_route=\/wp\/v2\/types\/page"}],"author":[{"embeddable":true,"href":"https:\/\/sonnenschein-uslar.de\/index.php?rest_route=\/wp\/v2\/users\/287"}],"replies":[{"embeddable":true,"href":"https:\/\/sonnenschein-uslar.de\/index.php?rest_route=%2Fwp%2Fv2%2Fcomments&post=4051"}],"version-history":[{"count":22,"href":"https:\/\/sonnenschein-uslar.de\/index.php?rest_route=\/wp\/v2\/pages\/4051\/revisions"}],"predecessor-version":[{"id":9237,"href":"https:\/\/sonnenschein-uslar.de\/index.php?rest_route=\/wp\/v2\/pages\/4051\/revisions\/9237"}],"up":[{"embeddable":true,"href":"https:\/\/sonnenschein-uslar.de\/index.php?rest_route=\/wp\/v2\/pages\/161"}],"wp:attachment":[{"href":"https:\/\/sonnenschein-uslar.de\/index.php?rest_route=%2Fwp%2Fv2%2Fmedia&parent=4051"}],"curies":[{"name":"wp","href":"https:\/\/api.w.org\/{rel}","templated":true}]}}